{"id":428,"date":"2024-04-08T17:29:19","date_gmt":"2024-04-08T15:29:19","guid":{"rendered":"https:\/\/jthappyhouse.com\/?page_id=428"},"modified":"2024-07-16T21:08:33","modified_gmt":"2024-07-16T19:08:33","slug":"cookies","status":"publish","type":"page","link":"https:\/\/jthappyhouse.com\/es\/cookies\/","title":{"rendered":"Cookies"},"content":{"rendered":"<div class=\"wp-block-uagb-container uagb-block-1e6f6ffb alignfull uagb-is-root-container\"><div class=\"uagb-container-inner-blocks-wrap\">\n<h1 class=\"wp-block-heading has-text-align-center\"><strong>Cookies \u2013 Tratamiento de datos persnales<\/strong><\/h1>\n<\/div><\/div>\n\n\n\n<div class=\"wp-block-uagb-container uagb-block-557894fd alignfull uagb-is-root-container\"><div class=\"uagb-container-inner-blocks-wrap\">\n<p><strong>Finalidad del tratamiento de los datos personales:<\/strong><\/p>\n\n\n\n<p>\u00bfCon qu\u00e9 finalidad trataremos tus datos personales? En Happy House, gestionada por Teresa Marrod\u00e1n L\u00f3pez y Javier Madarieta Odiaga, trataremos tus datos personales recabados a trav\u00e9s del Sitio Web: www.jthappyhouse.com, con las siguientes finalidades: <a target=\"_blank\" rel=\"noreferrer noopener\" href=\"https:\/\/jthappyhouse.com\/es\/\">www.jthappyhouse.com<\/a>, for the following purposes:<\/p>\n\n\n\n<ul class=\"wp-block-list\">\n<li>Prestar sus servicios de acuerdo con las necesidades particulares de los clientes, con el fin de cumplir los contratos suscritos por la misma.<\/li>\n\n\n\n<li>Te recordamos que puedes oponerte al env\u00edo de comunicaciones comerciales por cualquier v\u00eda y en cualquier momento, remitiendo un correo electr\u00f3nico a la direcci\u00f3n anteriormente indicada.<\/li>\n<\/ul>\n\n\n\n<p>Los campos de dichos registros son de cumplimentaci\u00f3n obligatoria, siendo imposible realizar las finalidades expresadas si no se aportan esos datos.<\/p>\n\n\n\n<p><strong>\u00bfPor cu\u00e1nto tiempo se conservan los datos personales recabados?<\/strong><\/p>\n\n\n\n<p>Los datos personales proporcionados se conservar\u00e1n mientras se mantenga la relaci\u00f3n comercial o no solicites su supresi\u00f3n y durante el plazo por el cu\u00e1l pudieran derivarse responsabilidades legales por los servicios prestados.<\/p>\n\n\n\n<p><strong>Legitimaci\u00f3n<\/strong><\/p>\n\n\n\n<p>El tratamiento de tus datos se realiza con las siguientes bases jur\u00eddicas que legitiman el mismo:<\/p>\n\n\n\n<ul class=\"wp-block-list\">\n<li>La solicitud de informaci\u00f3n y\/o la contrataci\u00f3n de los servicios de Teresa Marrod\u00e1n L\u00f3pez y Javier Madarieta Odiaga, cuyos t\u00e9rminos y condiciones se pondr\u00e1n a tu disposici\u00f3n en todo caso, de forma previa a una eventual contrataci\u00f3n.<\/li>\n\n\n\n<li>El consentimiento libre, espec\u00edfico, informado e inequ\u00edvoco, en tanto que te informamos poniendo a tu disposici\u00f3n la presente pol\u00edtica de privacidad, que tras la lectura de la misma, en caso de estar conforme, puedes aceptar mediante una declaraci\u00f3n o una clara acci\u00f3n afirmativa, como el marcado de una casilla dispuesta al efecto.<\/li>\n\n\n\n<li>En caso de que no nos facilites tus datos o lo hagas de forma err\u00f3nea o incompleta, no podremos atender tu solicitud, resultando del todo imposible proporcionarte la informaci\u00f3n solicitada o llevar a cabo la contrataci\u00f3n de los servicios.<\/li>\n<\/ul>\n\n\n\n<p><strong>Destinatarios<\/strong><\/p>\n\n\n\n<p>Los datos no se comunicar\u00e1n a ning\u00fan tercero ajeno a Teresa Marrod\u00e1n L\u00f3pez y Javier Madarieta Odiaga, salvo obligaci\u00f3n legal.<\/p>\n\n\n\n<p><strong>Datos recopilados por usuarios de los servicios<\/strong><\/p>\n\n\n\n<p>En los casos en que el usuario incluya ficheros con datos de car\u00e1cter personal en los servidores de alojamiento compartido, Teresa Marrod\u00e1n L\u00f3pez y Javier Madarieta Odiaga no se hace responsable del incumplimiento por parte del usuario del RGPD.<\/p>\n\n\n\n<p><strong>Derechos propiedad intelectual <a target=\"_blank\" rel=\"noreferrer noopener\" href=\"https:\/\/jthappyhouse.com\/es\/\">www.jthappyhouse.com<\/a><\/strong><\/p>\n\n\n\n<p>Teresa Marrod\u00e1n L\u00f3pez y Javier Madarieta Odiaga son titulares de todos los derechos de autor, propiedad intelectual, industrial, \"know how\" y cuantos otros derechos guardan relaci\u00f3n con los contenidos del sitio web www.jthappyhouse.com y los servicios ofertados en el mismo, as\u00ed como de los programas necesarios para su implementaci\u00f3n y la informaci\u00f3n relacionada. <a target=\"_blank\" rel=\"noreferrer noopener\" href=\"https:\/\/jthappyhouse.com\/es\/\">www.jthappyhouse.com<\/a> and the services offered on it, as well as the programs necessary for its implementation and the related information.<\/p>\n\n\n\n<p>No se permite la reproducci\u00f3n, publicaci\u00f3n y\/o uso no estrictamente privado de los contenidos, totales o parciales, del sitio web www.jthappyhouse.com sin el consentimiento previo y por escrito. <a target=\"_blank\" rel=\"noreferrer noopener\" href=\"https:\/\/jthappyhouse.com\/es\/\">www.jthappyhouse.com<\/a> is not permitted without prior written consent.<\/p>\n\n\n\n<p><strong>Propiedad intelectual del software<\/strong><\/p>\n\n\n\n<p>El usuario debe respetar los programas de terceros puestos a su disposici\u00f3n por Teresa Marrod\u00e1n L\u00f3pez y Javier Madarieta Odiaga, a\u00fan siendo gratuitos y\/o de disposici\u00f3n p\u00fablica.<\/p>\n\n\n\n<p>Teresa Marrod\u00e1n L\u00f3pez y Javier Madarieta Odiaga disponen de los derechos de explotaci\u00f3n y propiedad intelectual necesarios del software.<\/p>\n\n\n\n<p>El usuario no adquiere derecho alguno o licencia por el servicio contratado, sobre el software necesario para la prestaci\u00f3n del servicio, ni tampoco sobre la informaci\u00f3n t\u00e9cnica de seguimiento del servicio, excepci\u00f3n hecha de los derechos y licencias necesarios para el cumplimiento de los servicios contratados y \u00fanicamente durante la duraci\u00f3n de los mismos.<\/p>\n\n\n\n<p>Para toda actuaci\u00f3n que exceda del cumplimiento del contrato, el usuario necesitar\u00e1 autorizaci\u00f3n por escrito por parte de Teresa Marrod\u00e1n L\u00f3pez y Javier Madarieta Odiaga, quedando prohibido al usuario acceder, modificar, visualizar la configuraci\u00f3n, estructura y ficheros de los servidores propiedad de Teresa Marrod\u00e1n L\u00f3pez y Javier Madarieta Odiaga, asumiendo la responsabilidad civil y penal derivada de cualquier incidencia que se pudiera producir en los servidores y sistemas de seguridad como consecuencia directa de una actuaci\u00f3n negligente o maliciosa por su parte.<\/p>\n\n\n\n<p><strong>Propiedad intelectual de los contenidos alojados<\/strong><\/p>\n\n\n\n<p>Se proh\u00edbe el uso contrario a la legislaci\u00f3n sobre propiedad intelectual de los servicios prestados por Teresa Marrod\u00e1n L\u00f3pez y, en particular de:<\/p>\n\n\n\n<ul class=\"wp-block-list\">\n<li>La utilizaci\u00f3n que resulte contraria a las leyes espa\u00f1olas o que infrinja los derechos de terceros.<\/li>\n\n\n\n<li>La publicaci\u00f3n o la transmisi\u00f3n de cualquier contenido que, a juicio de Teresa Marrod\u00e1n L\u00f3pez y Javier Madarieta Odiaga, resulte violento, obsceno, abusivo, ilegal, racial, xen\u00f3fobo o difamatorio.<\/li>\n\n\n\n<li>Los cracks, n\u00fameros de serie de programas o cualquier otro contenido que vulnere derechos de la propiedad intelectual de terceros.<\/li>\n\n\n\n<li>La recogida y\/o utilizaci\u00f3n de datos personales de otros usuarios sin su consentimiento expreso o contraviniendo lo dispuesto en el Reglamento (UE) 2016\/679 del Parlamento Europeo y del Consejo, de 27 de abril de 2016, relativo a la protecci\u00f3n de las personas f\u00edsicas en lo que respecta al tratamiento de datos personales y a la libre circulaci\u00f3n de los mismos.<\/li>\n<\/ul>\n\n\n\n<p><strong>La utilizaci\u00f3n del servidor de correo del dominio y de las direcciones de correo electr\u00f3nico para el env\u00edo de correo masivo no deseado.<\/strong><\/p>\n\n\n\n<p>El usuario tiene toda la responsabilidad sobre el contenido de su web, la informaci\u00f3n transmitida y almacenada, los enlaces de hipertexto, las reivindicaciones de terceros y las acciones legales en referencia a propiedad intelectual, derechos de terceros y protecci\u00f3n de menores.<\/p>\n\n\n\n<p>El usuario es responsable respecto a las leyes y reglamentos en vigor y las reglas que tienen que ver con el funcionamiento del servicio online, comercio electr\u00f3nico, derechos de autor, mantenimiento del orden p\u00fablico, as\u00ed como principios universales de uso de Internet.<\/p>\n\n\n\n<p>El usuario indemnizar\u00e1 a Teresa Marrod\u00e1n L\u00f3pez y Javier Madarieta Odiaga por los gastos que generara la imputaci\u00f3n de Teresa Marrod\u00e1n L\u00f3pez y Javier Madarieta Odiaga en alguna causa cuya responsabilidad fuera atribuible al usuario, incluidos honorarios y gastos de defensa jur\u00eddica, incluso en el caso de una decisi\u00f3n judicial no definitiva.<\/p>\n\n\n\n<p><strong>Protecci\u00f3n de la informaci\u00f3n alojada<\/strong><\/p>\n\n\n\n<p>Teresa Marrod\u00e1n L\u00f3pez y Javier Madarieta Odiaga realizan copias de seguridad de los contenidos alojados en sus servidores, sin embargo no se responsabiliza de la p\u00e9rdida o el borrado accidental de los datos por parte de los usuarios. De igual manera, no garantiza la reposici\u00f3n total de los datos borrados por los usuarios, ya que los citados datos podr\u00edan haber sido suprimidos y\/o modificados durante el periodo del tiempo transcurrido desde la \u00faltima copia de seguridad.<\/p>\n\n\n\n<p>Los servicios ofertados, excepto los servicios espec\u00edficos de backup, no incluyen la reposici\u00f3n de los contenidos conservados en las copias de seguridad realizadas por Teresa Marrod\u00e1n L\u00f3pez y Javier Madarieta Odiaga, cuando esta p\u00e9rdida sea imputable al usuario; en este caso, se determinar\u00e1 una tarifa acorde a la complejidad y volumen de la recuperaci\u00f3n, siempre previa aceptaci\u00f3n del usuario.<\/p>\n\n\n\n<p>La reposici\u00f3n de datos borrados s\u00f3lo est\u00e1 incluida en el precio del servicio cuando la p\u00e9rdida del contenido sea debida a causas atribuibles a Teresa Marrod\u00e1n L\u00f3pez y Javier Madarieta Odiaga.<\/p>\n\n\n\n<p><strong>Comunicaciones comerciales<\/strong><\/p>\n\n\n\n<p>En aplicaci\u00f3n de la LSSI. Teresa Marrod\u00e1n L\u00f3pez y Javier Madarieta Odiaga no enviar\u00e1n comunicaciones publicitarias o promocionales por correo electr\u00f3nico u otro medio de comunicaci\u00f3n electr\u00f3nica equivalente que previamente no hubieran sido solicitadas o expresamente autorizadas por los destinatarios de las mismas.<\/p>\n\n\n\n<p>En el caso de usuarios con los que exista una relaci\u00f3n contractual previa, Teresa Marrod\u00e1n L\u00f3pez y Javier Madarieta Odiaga s\u00ed est\u00e1n autorizados al env\u00edo de comunicaciones comerciales referentes a productos o servicios de Happy House que sean similares a los que inicialmente fueron objeto de contrataci\u00f3n con el cliente.<\/p>\n\n\n\n<p>En todo caso, el usuario, tras acreditar su identidad, podr\u00e1 solicitar que no se le haga llegar m\u00e1s informaci\u00f3n comercial a trav\u00e9s de los canales de Atenci\u00f3n al Cliente.<\/p>\n\n\n\n<p>REV: 20.3009<\/p>\n<\/div><\/div>","protected":false},"excerpt":{"rendered":"<p>Cookies &#8211; Purpose of Processing Personal Data For what purpose will we process your personal data? At Happy House, managed [&hellip;]<\/p>\n","protected":false},"author":1,"featured_media":0,"parent":0,"menu_order":0,"comment_status":"closed","ping_status":"closed","template":"","meta":{"_uag_custom_page_level_css":"","site-sidebar-layout":"default","site-content-layout":"","ast-site-content-layout":"default","site-content-style":"default","site-sidebar-style":"default","ast-global-header-display":"","ast-banner-title-visibility":"","ast-main-header-display":"","ast-hfb-above-header-display":"","ast-hfb-below-header-display":"","ast-hfb-mobile-header-display":"","site-post-title":"disabled","ast-breadcrumbs-content":"","ast-featured-img":"","footer-sml-layout":"","ast-disable-related-posts":"","theme-transparent-header-meta":"","adv-header-id-meta":"","stick-header-meta":"","header-above-stick-meta":"","header-main-stick-meta":"","header-below-stick-meta":"","astra-migrate-meta-layouts":"default","ast-page-background-enabled":"default","ast-page-background-meta":{"desktop":{"background-color":"var(--ast-global-color-4)","background-image":"","background-repeat":"repeat","background-position":"center center","background-size":"auto","background-attachment":"scroll","background-type":"","background-media":"","overlay-type":"","overlay-color":"","overlay-opacity":"","overlay-gradient":""},"tablet":{"background-color":"","background-image":"","background-repeat":"repeat","background-position":"center center","background-size":"auto","background-attachment":"scroll","background-type":"","background-media":"","overlay-type":"","overlay-color":"","overlay-opacity":"","overlay-gradient":""},"mobile":{"background-color":"","background-image":"","background-repeat":"repeat","background-position":"center center","background-size":"auto","background-attachment":"scroll","background-type":"","background-media":"","overlay-type":"","overlay-color":"","overlay-opacity":"","overlay-gradient":""}},"ast-content-background-meta":{"desktop":{"background-color":"var(--ast-global-color-5)","background-image":"","background-repeat":"repeat","background-position":"center center","background-size":"auto","background-attachment":"scroll","background-type":"","background-media":"","overlay-type":"","overlay-color":"","overlay-opacity":"","overlay-gradient":""},"tablet":{"background-color":"var(--ast-global-color-5)","background-image":"","background-repeat":"repeat","background-position":"center center","background-size":"auto","background-attachment":"scroll","background-type":"","background-media":"","overlay-type":"","overlay-color":"","overlay-opacity":"","overlay-gradient":""},"mobile":{"background-color":"var(--ast-global-color-5)","background-image":"","background-repeat":"repeat","background-position":"center center","background-size":"auto","background-attachment":"scroll","background-type":"","background-media":"","overlay-type":"","overlay-color":"","overlay-opacity":"","overlay-gradient":""}},"_themeisle_gutenberg_block_has_review":false,"footnotes":""},"class_list":["post-428","page","type-page","status-publish","hentry"],"yoast_head":"<!-- This site is optimized with the Yoast SEO plugin v27.5 - https:\/\/yoast.com\/product\/yoast-seo-wordpress\/ -->\n<title>Cookies<\/title>\n<meta name=\"robots\" content=\"index, follow, max-snippet:-1, max-image-preview:large, max-video-preview:-1\" \/>\n<link rel=\"canonical\" href=\"https:\/\/jthappyhouse.com\/es\/cookies\/\" \/>\n<meta property=\"og:locale\" content=\"es_ES\" \/>\n<meta property=\"og:type\" content=\"article\" \/>\n<meta property=\"og:title\" content=\"Cookies\" \/>\n<meta property=\"og:description\" content=\"Cookies &#8211; Purpose of Processing Personal Data For what purpose will we process your personal data? At Happy House, managed [&hellip;]\" \/>\n<meta property=\"og:url\" content=\"https:\/\/jthappyhouse.com\/es\/cookies\/\" \/>\n<meta property=\"og:site_name\" content=\"JT Happy House\" \/>\n<meta property=\"article:modified_time\" content=\"2024-07-16T19:08:33+00:00\" \/>\n<meta name=\"twitter:card\" content=\"summary_large_image\" \/>\n<meta name=\"twitter:label1\" content=\"Tiempo de lectura\" \/>\n\t<meta name=\"twitter:data1\" content=\"6 minutos\" \/>\n<script type=\"application\/ld+json\" class=\"yoast-schema-graph\">{\"@context\":\"https:\\\/\\\/schema.org\",\"@graph\":[{\"@type\":\"WebPage\",\"@id\":\"https:\\\/\\\/jthappyhouse.com\\\/cookies\\\/\",\"url\":\"https:\\\/\\\/jthappyhouse.com\\\/cookies\\\/\",\"name\":\"Cookies\",\"isPartOf\":{\"@id\":\"https:\\\/\\\/jthappyhouse.com\\\/#website\"},\"datePublished\":\"2024-04-08T15:29:19+00:00\",\"dateModified\":\"2024-07-16T19:08:33+00:00\",\"breadcrumb\":{\"@id\":\"https:\\\/\\\/jthappyhouse.com\\\/cookies\\\/#breadcrumb\"},\"inLanguage\":\"es\",\"potentialAction\":[{\"@type\":\"ReadAction\",\"target\":[\"https:\\\/\\\/jthappyhouse.com\\\/cookies\\\/\"]}]},{\"@type\":\"BreadcrumbList\",\"@id\":\"https:\\\/\\\/jthappyhouse.com\\\/cookies\\\/#breadcrumb\",\"itemListElement\":[{\"@type\":\"ListItem\",\"position\":1,\"name\":\"Home\",\"item\":\"https:\\\/\\\/jthappyhouse.com\\\/\"},{\"@type\":\"ListItem\",\"position\":2,\"name\":\"Cookies\"}]},{\"@type\":\"WebSite\",\"@id\":\"https:\\\/\\\/jthappyhouse.com\\\/#website\",\"url\":\"https:\\\/\\\/jthappyhouse.com\\\/\",\"name\":\"JT Happy House\",\"description\":\"Empresa de apartamentos en Madrid y Espa&ntilde;a\",\"publisher\":{\"@id\":\"https:\\\/\\\/jthappyhouse.com\\\/#organization\"},\"alternateName\":\"JT Happy House\",\"potentialAction\":[{\"@type\":\"SearchAction\",\"target\":{\"@type\":\"EntryPoint\",\"urlTemplate\":\"https:\\\/\\\/jthappyhouse.com\\\/?s={search_term_string}\"},\"query-input\":{\"@type\":\"PropertyValueSpecification\",\"valueRequired\":true,\"valueName\":\"search_term_string\"}}],\"inLanguage\":\"es\"},{\"@type\":\"Organization\",\"@id\":\"https:\\\/\\\/jthappyhouse.com\\\/#organization\",\"name\":\"JT Happy House\",\"alternateName\":\"JT Happy House\",\"url\":\"https:\\\/\\\/jthappyhouse.com\\\/\",\"logo\":{\"@type\":\"ImageObject\",\"inLanguage\":\"es\",\"@id\":\"https:\\\/\\\/jthappyhouse.com\\\/#\\\/schema\\\/logo\\\/image\\\/\",\"url\":\"https:\\\/\\\/jthappyhouse.com\\\/wp-content\\\/uploads\\\/2025\\\/09\\\/Gemini_Generated_Image_o8p21wo8p21wo8p2.png\",\"contentUrl\":\"https:\\\/\\\/jthappyhouse.com\\\/wp-content\\\/uploads\\\/2025\\\/09\\\/Gemini_Generated_Image_o8p21wo8p21wo8p2.png\",\"width\":1024,\"height\":1024,\"caption\":\"JT Happy House\"},\"image\":{\"@id\":\"https:\\\/\\\/jthappyhouse.com\\\/#\\\/schema\\\/logo\\\/image\\\/\"}}]}<\/script>\n<!-- \/ Yoast SEO plugin. -->","yoast_head_json":{"title":"Cookies","robots":{"index":"index","follow":"follow","max-snippet":"max-snippet:-1","max-image-preview":"max-image-preview:large","max-video-preview":"max-video-preview:-1"},"canonical":"https:\/\/jthappyhouse.com\/es\/cookies\/","og_locale":"es_ES","og_type":"article","og_title":"Cookies","og_description":"Cookies &#8211; Purpose of Processing Personal Data For what purpose will we process your personal data? At Happy House, managed [&hellip;]","og_url":"https:\/\/jthappyhouse.com\/es\/cookies\/","og_site_name":"JT Happy House","article_modified_time":"2024-07-16T19:08:33+00:00","twitter_card":"summary_large_image","twitter_misc":{"Tiempo de lectura":"6 minutos"},"schema":{"@context":"https:\/\/schema.org","@graph":[{"@type":"WebPage","@id":"https:\/\/jthappyhouse.com\/cookies\/","url":"https:\/\/jthappyhouse.com\/cookies\/","name":"Cookies","isPartOf":{"@id":"https:\/\/jthappyhouse.com\/#website"},"datePublished":"2024-04-08T15:29:19+00:00","dateModified":"2024-07-16T19:08:33+00:00","breadcrumb":{"@id":"https:\/\/jthappyhouse.com\/cookies\/#breadcrumb"},"inLanguage":"es","potentialAction":[{"@type":"ReadAction","target":["https:\/\/jthappyhouse.com\/cookies\/"]}]},{"@type":"BreadcrumbList","@id":"https:\/\/jthappyhouse.com\/cookies\/#breadcrumb","itemListElement":[{"@type":"ListItem","position":1,"name":"Home","item":"https:\/\/jthappyhouse.com\/"},{"@type":"ListItem","position":2,"name":"Cookies"}]},{"@type":"WebSite","@id":"https:\/\/jthappyhouse.com\/#website","url":"https:\/\/jthappyhouse.com\/","name":"JT Happy House","description":"Empresa de apartamentos en Madrid y Espa&ntilde;a","publisher":{"@id":"https:\/\/jthappyhouse.com\/#organization"},"alternateName":"JT Happy House","potentialAction":[{"@type":"SearchAction","target":{"@type":"EntryPoint","urlTemplate":"https:\/\/jthappyhouse.com\/?s={search_term_string}"},"query-input":{"@type":"PropertyValueSpecification","valueRequired":true,"valueName":"search_term_string"}}],"inLanguage":"es"},{"@type":"Organization","@id":"https:\/\/jthappyhouse.com\/#organization","name":"JT Happy House","alternateName":"JT Happy House","url":"https:\/\/jthappyhouse.com\/","logo":{"@type":"ImageObject","inLanguage":"es","@id":"https:\/\/jthappyhouse.com\/#\/schema\/logo\/image\/","url":"https:\/\/jthappyhouse.com\/wp-content\/uploads\/2025\/09\/Gemini_Generated_Image_o8p21wo8p21wo8p2.png","contentUrl":"https:\/\/jthappyhouse.com\/wp-content\/uploads\/2025\/09\/Gemini_Generated_Image_o8p21wo8p21wo8p2.png","width":1024,"height":1024,"caption":"JT Happy House"},"image":{"@id":"https:\/\/jthappyhouse.com\/#\/schema\/logo\/image\/"}}]}},"uagb_featured_image_src":{"full":false,"thumbnail":false,"medium":false,"medium_large":false,"large":false,"1536x1536":false,"2048x2048":false,"trp-custom-language-flag":false},"uagb_author_info":{"display_name":"admin","author_link":"https:\/\/jthappyhouse.com\/es\/author\/admin\/"},"uagb_comment_info":0,"uagb_excerpt":"Cookies &#8211; Purpose of Processing Personal Data For what purpose will we process your personal data? At Happy House, managed [&hellip;]","_links":{"self":[{"href":"https:\/\/jthappyhouse.com\/es\/wp-json\/wp\/v2\/pages\/428","targetHints":{"allow":["GET"]}}],"collection":[{"href":"https:\/\/jthappyhouse.com\/es\/wp-json\/wp\/v2\/pages"}],"about":[{"href":"https:\/\/jthappyhouse.com\/es\/wp-json\/wp\/v2\/types\/page"}],"author":[{"embeddable":true,"href":"https:\/\/jthappyhouse.com\/es\/wp-json\/wp\/v2\/users\/1"}],"replies":[{"embeddable":true,"href":"https:\/\/jthappyhouse.com\/es\/wp-json\/wp\/v2\/comments?post=428"}],"version-history":[{"count":8,"href":"https:\/\/jthappyhouse.com\/es\/wp-json\/wp\/v2\/pages\/428\/revisions"}],"predecessor-version":[{"id":1446,"href":"https:\/\/jthappyhouse.com\/es\/wp-json\/wp\/v2\/pages\/428\/revisions\/1446"}],"wp:attachment":[{"href":"https:\/\/jthappyhouse.com\/es\/wp-json\/wp\/v2\/media?parent=428"}],"curies":[{"name":"wp","href":"https:\/\/api.w.org\/{rel}","templated":true}]}}