{"id":389,"date":"2024-04-04T15:55:29","date_gmt":"2024-04-04T13:55:29","guid":{"rendered":"https:\/\/jthappyhouse.com\/?page_id=389"},"modified":"2024-07-16T21:33:19","modified_gmt":"2024-07-16T19:33:19","slug":"legal-disclaimer","status":"publish","type":"page","link":"https:\/\/jthappyhouse.com\/es\/legal-disclaimer\/","title":{"rendered":"Aviso Legal"},"content":{"rendered":"<div class=\"wp-block-uagb-container uagb-block-1e6f6ffb alignfull uagb-is-root-container\"><div class=\"uagb-container-inner-blocks-wrap\">\n<h1 class=\"wp-block-heading has-text-align-center\"><strong><strong>Aviso Legal<\/strong><\/strong><\/h1>\n<\/div><\/div>\n\n\n\n<div class=\"wp-block-uagb-container uagb-block-557894fd alignfull uagb-is-root-container\"><div class=\"uagb-container-inner-blocks-wrap\">\n<p><a target=\"_blank\" rel=\"noreferrer noopener\" href=\"https:\/\/www.orthoapnea.com\/en\/legal-notice\/\"><\/a><\/p>\n\n\n\n<p>En cumplimiento con el deber de informaci\u00f3n recogido en art\u00edculo 10 de la Ley 34\/2002, de 11 de julio, de Servicios de la Sociedad de la Informaci\u00f3n y del Comercio Electr\u00f3nico (LSSICE), el propietario de la web , le informa de lo siguiente:<\/p>\n\n\n\n<p><strong>1. Informaci\u00f3n sobre la empresa<\/strong><\/p>\n\n\n\n<ul class=\"wp-block-list\">\n<li><strong>Denominaci\u00f3n social:<\/strong> Teresa Marrod\u00e1n L\u00f3pez y Javier Madarieta Odiaga<\/li>\n\n\n\n<li><strong>NIF<\/strong> 52446334D<\/li>\n\n\n\n<li><strong>Localizaci\u00f3n:<\/strong> C\/ Grupo San Jos\u00e9 Obrero, 66, 31570 &#8211; San Adri\u00e1n (Navarra)<\/li>\n<\/ul>\n\n\n\n<p><strong>2. Renuncia de responsabilidad<\/strong><\/p>\n\n\n\n<p>Con los l\u00edmites establecidos en la ley, Teresa Marrod\u00e1n L\u00f3pez y Javier Madarieta Odiaga no asumen ninguna responsabilidad derivada de la falta de veracidad, integridad, actualizaci\u00f3n y precisi\u00f3n de los datos o informaciones que contienen sus p\u00e1ginas web.<\/p>\n\n\n\n<p>Los contenidos e informaci\u00f3n no vinculan a Teresa Marrod\u00e1n L\u00f3pez ni a Javier Madarieta Odiaga ni constituyen opiniones, consejos o asesoramiento legal de ning\u00fan tipo pues se trata meramente de un servicio ofrecido con car\u00e1cter informativo y divulgativo.<\/p>\n\n\n\n<p>Las p\u00e1ginas de Internet de Teresa Marrod\u00e1n L\u00f3pez y Javier Madarieta Odiaga pueden contener enlaces (links) a otras p\u00e1ginas de terceras partes que Teresa Marrod\u00e1n L\u00f3pez y Javier Madarieta Odiaga no puede controlar. Por lo tanto, Teresa Marrod\u00e1n L\u00f3pez y Javier Madarieta Odiaga no pueden asumir responsabilidades por el contenido que pueda aparecer en p\u00e1ginas de terceros.<\/p>\n\n\n\n<p><strong>3. Derecho de propiedad<\/strong><\/p>\n\n\n\n<p>The texts, images, sounds, animations, software, and all other content included on this website are the exclusive property of Teresa Marrod\u00e1n L\u00f3pez and Javier Madarieta Odiaga or their licensors.<\/p>\n\n\n\n<p>Any act of transmission, distribution, assignment, reproduction, storage, or total or partial public communication must have the express written consent of Teresa Marrod\u00e1n L\u00f3pez and Javier Madarieta Odiaga.<\/p>\n\n\n\n<p><strong>4. Protection of Personal Data:<\/strong><\/p>\n\n\n\n<p>Los textos, im\u00e1genes, sonidos, animaciones, software y el resto de contenidos incluidos en este website son propiedad exclusiva de Teresa Marrod\u00e1n L\u00f3pez y Javier Madarieta Odiaga o sus licenciantes. Cualquier acto de transmisi\u00f3n, distribuci\u00f3n, cesi\u00f3n, reproducci\u00f3n, almacenamiento o comunicaci\u00f3n p\u00fablica total o parcial, deber\u00e1 contar con el consentimiento expreso de Teresa Marrod\u00e1n L\u00f3pez y Javier Madarieta Odiaga.<\/p>\n\n\n\n<p>Asimismo, para acceder a algunos de los servicios que Teresa Marrod\u00e1n L\u00f3pez y Javier Madarieta Odiaga ofrecen a trav\u00e9s del sitio web, deber\u00e1 proporcionar algunos datos de car\u00e1cter personal. En cumplimiento de lo establecido en el Reglamento (UE) 2016\/679 del Parlamento Europeo y del Consejo, de 27 de abril de 2016, relativo a la protecci\u00f3n de las personas f\u00edsicas en lo que respecta al tratamiento de datos personales y a la libre circulaci\u00f3n de estos datos le informamos que, mediante la cumplimentaci\u00f3n de los presentes formularios, sus datos personales quedar\u00e1n incorporados y ser\u00e1n tratados en los ficheros de Teresa Marrod\u00e1n L\u00f3pez y Javier Madarieta Odiaga con el fin de poderle prestar y ofrecer nuestros servicios as\u00ed como para informarle de las mejoras del sitio Web.<\/p>\n\n\n\n<p>Le informamos tambi\u00e9n de que tendr\u00e1 la posibilidad en todo momento de ejercer los derechos de acceso, rectificaci\u00f3n, cancelaci\u00f3n, oposici\u00f3n, limitaci\u00f3n y portabilidad de sus datos de car\u00e1cter personal, de manera gratuita mediante email a: teresamarrodan@hotmail.com o en la direcci\u00f3n: C\/ Grupo San Jos\u00e9 Obrero, 66, 31570 - San Adri\u00e1n (Navarra).<\/p>\n\n\n\n<p>REV: 20.3009<\/p>\n<\/div><\/div>","protected":false},"excerpt":{"rendered":"<p>Legal Disclaimer In compliance with the information obligation established in article 10 of Law 34\/2002, of July 11, on Information [&hellip;]<\/p>\n","protected":false},"author":1,"featured_media":0,"parent":0,"menu_order":0,"comment_status":"closed","ping_status":"closed","template":"","meta":{"_uag_custom_page_level_css":"","site-sidebar-layout":"default","site-content-layout":"","ast-site-content-layout":"default","site-content-style":"default","site-sidebar-style":"default","ast-global-header-display":"","ast-banner-title-visibility":"","ast-main-header-display":"","ast-hfb-above-header-display":"","ast-hfb-below-header-display":"","ast-hfb-mobile-header-display":"","site-post-title":"disabled","ast-breadcrumbs-content":"","ast-featured-img":"","footer-sml-layout":"","ast-disable-related-posts":"","theme-transparent-header-meta":"","adv-header-id-meta":"","stick-header-meta":"","header-above-stick-meta":"","header-main-stick-meta":"","header-below-stick-meta":"","astra-migrate-meta-layouts":"default","ast-page-background-enabled":"default","ast-page-background-meta":{"desktop":{"background-color":"var(--ast-global-color-4)","background-image":"","background-repeat":"repeat","background-position":"center center","background-size":"auto","background-attachment":"scroll","background-type":"","background-media":"","overlay-type":"","overlay-color":"","overlay-opacity":"","overlay-gradient":""},"tablet":{"background-color":"","background-image":"","background-repeat":"repeat","background-position":"center center","background-size":"auto","background-attachment":"scroll","background-type":"","background-media":"","overlay-type":"","overlay-color":"","overlay-opacity":"","overlay-gradient":""},"mobile":{"background-color":"","background-image":"","background-repeat":"repeat","background-position":"center center","background-size":"auto","background-attachment":"scroll","background-type":"","background-media":"","overlay-type":"","overlay-color":"","overlay-opacity":"","overlay-gradient":""}},"ast-content-background-meta":{"desktop":{"background-color":"var(--ast-global-color-5)","background-image":"","background-repeat":"repeat","background-position":"center center","background-size":"auto","background-attachment":"scroll","background-type":"","background-media":"","overlay-type":"","overlay-color":"","overlay-opacity":"","overlay-gradient":""},"tablet":{"background-color":"var(--ast-global-color-5)","background-image":"","background-repeat":"repeat","background-position":"center center","background-size":"auto","background-attachment":"scroll","background-type":"","background-media":"","overlay-type":"","overlay-color":"","overlay-opacity":"","overlay-gradient":""},"mobile":{"background-color":"var(--ast-global-color-5)","background-image":"","background-repeat":"repeat","background-position":"center center","background-size":"auto","background-attachment":"scroll","background-type":"","background-media":"","overlay-type":"","overlay-color":"","overlay-opacity":"","overlay-gradient":""}},"_themeisle_gutenberg_block_has_review":false,"footnotes":""},"class_list":["post-389","page","type-page","status-publish","hentry"],"yoast_head":"<!-- This site is optimized with the Yoast SEO plugin v27.5 - https:\/\/yoast.com\/product\/yoast-seo-wordpress\/ -->\n<title>Legal Disclaimer<\/title>\n<meta name=\"robots\" content=\"index, follow, max-snippet:-1, max-image-preview:large, max-video-preview:-1\" \/>\n<link rel=\"canonical\" href=\"https:\/\/jthappyhouse.com\/es\/legal-disclaimer\/\" \/>\n<meta property=\"og:locale\" content=\"es_ES\" \/>\n<meta property=\"og:type\" content=\"article\" \/>\n<meta property=\"og:title\" content=\"Legal Disclaimer\" \/>\n<meta property=\"og:description\" content=\"Legal Disclaimer In compliance with the information obligation established in article 10 of Law 34\/2002, of July 11, on Information [&hellip;]\" \/>\n<meta property=\"og:url\" content=\"https:\/\/jthappyhouse.com\/es\/legal-disclaimer\/\" \/>\n<meta property=\"og:site_name\" content=\"JT Happy House\" \/>\n<meta property=\"article:modified_time\" content=\"2024-07-16T19:33:19+00:00\" \/>\n<meta name=\"twitter:card\" content=\"summary_large_image\" \/>\n<meta name=\"twitter:label1\" content=\"Tiempo de lectura\" \/>\n\t<meta name=\"twitter:data1\" content=\"2 minutos\" \/>\n<script type=\"application\/ld+json\" class=\"yoast-schema-graph\">{\"@context\":\"https:\\\/\\\/schema.org\",\"@graph\":[{\"@type\":\"WebPage\",\"@id\":\"https:\\\/\\\/jthappyhouse.com\\\/legal-disclaimer\\\/\",\"url\":\"https:\\\/\\\/jthappyhouse.com\\\/legal-disclaimer\\\/\",\"name\":\"Legal Disclaimer\",\"isPartOf\":{\"@id\":\"https:\\\/\\\/jthappyhouse.com\\\/#website\"},\"datePublished\":\"2024-04-04T13:55:29+00:00\",\"dateModified\":\"2024-07-16T19:33:19+00:00\",\"breadcrumb\":{\"@id\":\"https:\\\/\\\/jthappyhouse.com\\\/legal-disclaimer\\\/#breadcrumb\"},\"inLanguage\":\"es\",\"potentialAction\":[{\"@type\":\"ReadAction\",\"target\":[\"https:\\\/\\\/jthappyhouse.com\\\/legal-disclaimer\\\/\"]}]},{\"@type\":\"BreadcrumbList\",\"@id\":\"https:\\\/\\\/jthappyhouse.com\\\/legal-disclaimer\\\/#breadcrumb\",\"itemListElement\":[{\"@type\":\"ListItem\",\"position\":1,\"name\":\"Home\",\"item\":\"https:\\\/\\\/jthappyhouse.com\\\/\"},{\"@type\":\"ListItem\",\"position\":2,\"name\":\"Legal Disclaimer\"}]},{\"@type\":\"WebSite\",\"@id\":\"https:\\\/\\\/jthappyhouse.com\\\/#website\",\"url\":\"https:\\\/\\\/jthappyhouse.com\\\/\",\"name\":\"JT Happy House\",\"description\":\"Empresa de apartamentos en Madrid y Espa&ntilde;a\",\"publisher\":{\"@id\":\"https:\\\/\\\/jthappyhouse.com\\\/#organization\"},\"alternateName\":\"JT Happy House\",\"potentialAction\":[{\"@type\":\"SearchAction\",\"target\":{\"@type\":\"EntryPoint\",\"urlTemplate\":\"https:\\\/\\\/jthappyhouse.com\\\/?s={search_term_string}\"},\"query-input\":{\"@type\":\"PropertyValueSpecification\",\"valueRequired\":true,\"valueName\":\"search_term_string\"}}],\"inLanguage\":\"es\"},{\"@type\":\"Organization\",\"@id\":\"https:\\\/\\\/jthappyhouse.com\\\/#organization\",\"name\":\"JT Happy House\",\"alternateName\":\"JT Happy House\",\"url\":\"https:\\\/\\\/jthappyhouse.com\\\/\",\"logo\":{\"@type\":\"ImageObject\",\"inLanguage\":\"es\",\"@id\":\"https:\\\/\\\/jthappyhouse.com\\\/#\\\/schema\\\/logo\\\/image\\\/\",\"url\":\"https:\\\/\\\/jthappyhouse.com\\\/wp-content\\\/uploads\\\/2025\\\/09\\\/Gemini_Generated_Image_o8p21wo8p21wo8p2.png\",\"contentUrl\":\"https:\\\/\\\/jthappyhouse.com\\\/wp-content\\\/uploads\\\/2025\\\/09\\\/Gemini_Generated_Image_o8p21wo8p21wo8p2.png\",\"width\":1024,\"height\":1024,\"caption\":\"JT Happy House\"},\"image\":{\"@id\":\"https:\\\/\\\/jthappyhouse.com\\\/#\\\/schema\\\/logo\\\/image\\\/\"}}]}<\/script>\n<!-- \/ Yoast SEO plugin. -->","yoast_head_json":{"title":"Aviso Legal","robots":{"index":"index","follow":"follow","max-snippet":"max-snippet:-1","max-image-preview":"max-image-preview:large","max-video-preview":"max-video-preview:-1"},"canonical":"https:\/\/jthappyhouse.com\/es\/legal-disclaimer\/","og_locale":"es_ES","og_type":"article","og_title":"Legal Disclaimer","og_description":"Legal Disclaimer In compliance with the information obligation established in article 10 of Law 34\/2002, of July 11, on Information [&hellip;]","og_url":"https:\/\/jthappyhouse.com\/es\/legal-disclaimer\/","og_site_name":"JT Happy House","article_modified_time":"2024-07-16T19:33:19+00:00","twitter_card":"summary_large_image","twitter_misc":{"Tiempo de lectura":"2 minutos"},"schema":{"@context":"https:\/\/schema.org","@graph":[{"@type":"WebPage","@id":"https:\/\/jthappyhouse.com\/legal-disclaimer\/","url":"https:\/\/jthappyhouse.com\/legal-disclaimer\/","name":"Aviso Legal","isPartOf":{"@id":"https:\/\/jthappyhouse.com\/#website"},"datePublished":"2024-04-04T13:55:29+00:00","dateModified":"2024-07-16T19:33:19+00:00","breadcrumb":{"@id":"https:\/\/jthappyhouse.com\/legal-disclaimer\/#breadcrumb"},"inLanguage":"es","potentialAction":[{"@type":"ReadAction","target":["https:\/\/jthappyhouse.com\/legal-disclaimer\/"]}]},{"@type":"BreadcrumbList","@id":"https:\/\/jthappyhouse.com\/legal-disclaimer\/#breadcrumb","itemListElement":[{"@type":"ListItem","position":1,"name":"Home","item":"https:\/\/jthappyhouse.com\/"},{"@type":"ListItem","position":2,"name":"Legal Disclaimer"}]},{"@type":"WebSite","@id":"https:\/\/jthappyhouse.com\/#website","url":"https:\/\/jthappyhouse.com\/","name":"JT Happy House","description":"Empresa de apartamentos en Madrid y Espa&ntilde;a","publisher":{"@id":"https:\/\/jthappyhouse.com\/#organization"},"alternateName":"JT Happy House","potentialAction":[{"@type":"SearchAction","target":{"@type":"EntryPoint","urlTemplate":"https:\/\/jthappyhouse.com\/?s={search_term_string}"},"query-input":{"@type":"PropertyValueSpecification","valueRequired":true,"valueName":"search_term_string"}}],"inLanguage":"es"},{"@type":"Organization","@id":"https:\/\/jthappyhouse.com\/#organization","name":"JT Happy House","alternateName":"JT Happy House","url":"https:\/\/jthappyhouse.com\/","logo":{"@type":"ImageObject","inLanguage":"es","@id":"https:\/\/jthappyhouse.com\/#\/schema\/logo\/image\/","url":"https:\/\/jthappyhouse.com\/wp-content\/uploads\/2025\/09\/Gemini_Generated_Image_o8p21wo8p21wo8p2.png","contentUrl":"https:\/\/jthappyhouse.com\/wp-content\/uploads\/2025\/09\/Gemini_Generated_Image_o8p21wo8p21wo8p2.png","width":1024,"height":1024,"caption":"JT Happy House"},"image":{"@id":"https:\/\/jthappyhouse.com\/#\/schema\/logo\/image\/"}}]}},"uagb_featured_image_src":{"full":false,"thumbnail":false,"medium":false,"medium_large":false,"large":false,"1536x1536":false,"2048x2048":false,"trp-custom-language-flag":false},"uagb_author_info":{"display_name":"admin","author_link":"https:\/\/jthappyhouse.com\/es\/author\/admin\/"},"uagb_comment_info":0,"uagb_excerpt":"Legal Disclaimer In compliance with the information obligation established in article 10 of Law 34\/2002, of July 11, on Information [&hellip;]","_links":{"self":[{"href":"https:\/\/jthappyhouse.com\/es\/wp-json\/wp\/v2\/pages\/389","targetHints":{"allow":["GET"]}}],"collection":[{"href":"https:\/\/jthappyhouse.com\/es\/wp-json\/wp\/v2\/pages"}],"about":[{"href":"https:\/\/jthappyhouse.com\/es\/wp-json\/wp\/v2\/types\/page"}],"author":[{"embeddable":true,"href":"https:\/\/jthappyhouse.com\/es\/wp-json\/wp\/v2\/users\/1"}],"replies":[{"embeddable":true,"href":"https:\/\/jthappyhouse.com\/es\/wp-json\/wp\/v2\/comments?post=389"}],"version-history":[{"count":21,"href":"https:\/\/jthappyhouse.com\/es\/wp-json\/wp\/v2\/pages\/389\/revisions"}],"predecessor-version":[{"id":1452,"href":"https:\/\/jthappyhouse.com\/es\/wp-json\/wp\/v2\/pages\/389\/revisions\/1452"}],"wp:attachment":[{"href":"https:\/\/jthappyhouse.com\/es\/wp-json\/wp\/v2\/media?parent=389"}],"curies":[{"name":"wp","href":"https:\/\/api.w.org\/{rel}","templated":true}]}}