{"id":387,"date":"2024-04-04T15:55:06","date_gmt":"2024-04-04T13:55:06","guid":{"rendered":"https:\/\/jthappyhouse.com\/?page_id=387"},"modified":"2024-07-16T21:34:20","modified_gmt":"2024-07-16T19:34:20","slug":"personal-data-protection","status":"publish","type":"page","link":"https:\/\/jthappyhouse.com\/es\/personal-data-protection\/","title":{"rendered":"Pol\u00edtica de Privacidad"},"content":{"rendered":"<div class=\"wp-block-uagb-container uagb-block-1e6f6ffb alignfull uagb-is-root-container\"><div class=\"uagb-container-inner-blocks-wrap\">\n<h1 class=\"wp-block-heading has-text-align-center\"><strong>Pol\u00edtica de Privacidad<\/strong><\/h1>\n<\/div><\/div>\n\n\n\n<div class=\"wp-block-uagb-container uagb-block-557894fd alignfull uagb-is-root-container\"><div class=\"uagb-container-inner-blocks-wrap\">\n<p><strong>Happy House<\/strong>Protecci\u00f3n de datos de car\u00e1cter personal seg\u00fan el RGPD. Happy House en representado por Teresa Marrod\u00e1n L\u00f3pez y Javier Madarieta Odiaga, en aplicaci\u00f3n de la normativa vigente en materia de protecci\u00f3n de datos de car\u00e1cter personal, informa que los datos personales que se recogen a trav\u00e9s de los formularios del Sitio web: <a target=\"_blank\" rel=\"noreferrer noopener\" href=\"https:\/\/jthappyhouse.com\/es\/\">www.jthappyhouse.com<\/a>-<\/p>\n\n\n\n<p>La recogida y tratamiento automatizado de los datos de car\u00e1cter personal tiene como finalidad el mantenimiento de la relaci\u00f3n comercial y el desempe\u00f1o de tareas de informaci\u00f3n, formaci\u00f3n, asesoramiento y otras actividades propias de Teresa Marrod\u00e1n L\u00f3pez y Javier Madarieta Odiaga.<\/p>\n\n\n\n<p>Estos datos \u00fanicamente ser\u00e1n cedidos a aquellas entidades que sean necesarias con el \u00fanico objetivo de dar cumplimiento a la finalidad anteriormente expuesta.<\/p>\n\n\n\n<p>Teresa Marrod\u00e1n L\u00f3pez y Javier Madarieta Odiaga adoptan las medidas necesarias para garantizar la seguridad, integridad y confidencialidad de los datos conforme a lo dispuesto en el Reglamento (UE) 2016\/679 del Parlamento Europeo y del Consejo, de 27 de abril de 2016, relativo a la protecci\u00f3n de las personas f\u00edsicas en lo que respecta al tratamiento de datos personales y a la libre circulaci\u00f3n de los mismos, y derogando la antigua LOPD, la nueva Ley Org\u00e1nica 3\/2018, de 5 diciembre, de Protecci\u00f3n de Datos y Garant\u00eda de los Derechos Digitales (LOPDGDD).<\/p>\n\n\n\n<p>El usuario podr\u00e1 en cualquier momento ejercitar los derechos de acceso, oposici\u00f3n, rectificaci\u00f3n, cancelaci\u00f3n, limitaci\u00f3n y portabilidad reconocidos en el citado Reglamento (UE). El ejercicio de estos derechos puede realizarlo el propio usuario a trav\u00e9s de email a: teresamarrodan@hotmail.com o en la direcci\u00f3n: C\/ Grupo San Jos\u00e9 Obrero, 66, C.P. 31570 - San Adri\u00e1n (Navarra).<\/p>\n\n\n\n<p>El usuario manifiesta que todos los datos facilitados por \u00e9l son ciertos y correctos, y se compromete a mantenerlos actualizados, comunicando los cambios a Teresa Marrod\u00e1n L\u00f3pez y Javier Madarieta Odiaga.<\/p>\n<\/div><\/div>","protected":false},"excerpt":{"rendered":"<p>Personal Data Protection Happy House, represented by Teresa Marrod\u00e1n L\u00f3pez and Javier Madarieta Odiaga, in compliance with current regulations on [&hellip;]<\/p>\n","protected":false},"author":1,"featured_media":0,"parent":0,"menu_order":0,"comment_status":"closed","ping_status":"closed","template":"","meta":{"_uag_custom_page_level_css":"","site-sidebar-layout":"default","site-content-layout":"","ast-site-content-layout":"default","site-content-style":"default","site-sidebar-style":"default","ast-global-header-display":"","ast-banner-title-visibility":"","ast-main-header-display":"","ast-hfb-above-header-display":"","ast-hfb-below-header-display":"","ast-hfb-mobile-header-display":"","site-post-title":"disabled","ast-breadcrumbs-content":"","ast-featured-img":"","footer-sml-layout":"","ast-disable-related-posts":"","theme-transparent-header-meta":"","adv-header-id-meta":"","stick-header-meta":"","header-above-stick-meta":"","header-main-stick-meta":"","header-below-stick-meta":"","astra-migrate-meta-layouts":"default","ast-page-background-enabled":"default","ast-page-background-meta":{"desktop":{"background-color":"var(--ast-global-color-4)","background-image":"","background-repeat":"repeat","background-position":"center center","background-size":"auto","background-attachment":"scroll","background-type":"","background-media":"","overlay-type":"","overlay-color":"","overlay-opacity":"","overlay-gradient":""},"tablet":{"background-color":"","background-image":"","background-repeat":"repeat","background-position":"center center","background-size":"auto","background-attachment":"scroll","background-type":"","background-media":"","overlay-type":"","overlay-color":"","overlay-opacity":"","overlay-gradient":""},"mobile":{"background-color":"","background-image":"","background-repeat":"repeat","background-position":"center center","background-size":"auto","background-attachment":"scroll","background-type":"","background-media":"","overlay-type":"","overlay-color":"","overlay-opacity":"","overlay-gradient":""}},"ast-content-background-meta":{"desktop":{"background-color":"var(--ast-global-color-5)","background-image":"","background-repeat":"repeat","background-position":"center center","background-size":"auto","background-attachment":"scroll","background-type":"","background-media":"","overlay-type":"","overlay-color":"","overlay-opacity":"","overlay-gradient":""},"tablet":{"background-color":"var(--ast-global-color-5)","background-image":"","background-repeat":"repeat","background-position":"center center","background-size":"auto","background-attachment":"scroll","background-type":"","background-media":"","overlay-type":"","overlay-color":"","overlay-opacity":"","overlay-gradient":""},"mobile":{"background-color":"var(--ast-global-color-5)","background-image":"","background-repeat":"repeat","background-position":"center center","background-size":"auto","background-attachment":"scroll","background-type":"","background-media":"","overlay-type":"","overlay-color":"","overlay-opacity":"","overlay-gradient":""}},"_themeisle_gutenberg_block_has_review":false,"footnotes":""},"class_list":["post-387","page","type-page","status-publish","hentry"],"yoast_head":"<!-- This site is optimized with the Yoast SEO plugin v27.5 - https:\/\/yoast.com\/product\/yoast-seo-wordpress\/ -->\n<title>Personal Data Protection<\/title>\n<meta name=\"robots\" content=\"index, follow, max-snippet:-1, max-image-preview:large, max-video-preview:-1\" \/>\n<link rel=\"canonical\" href=\"https:\/\/jthappyhouse.com\/es\/personal-data-protection\/\" \/>\n<meta property=\"og:locale\" content=\"es_ES\" \/>\n<meta property=\"og:type\" content=\"article\" \/>\n<meta property=\"og:title\" content=\"Personal Data Protection\" \/>\n<meta property=\"og:description\" content=\"Personal Data Protection Happy House, represented by Teresa Marrod\u00e1n L\u00f3pez and Javier Madarieta Odiaga, in compliance with current regulations on [&hellip;]\" \/>\n<meta property=\"og:url\" content=\"https:\/\/jthappyhouse.com\/es\/personal-data-protection\/\" \/>\n<meta property=\"og:site_name\" content=\"JT Happy House\" \/>\n<meta property=\"article:modified_time\" content=\"2024-07-16T19:34:20+00:00\" \/>\n<meta name=\"twitter:card\" content=\"summary_large_image\" \/>\n<meta name=\"twitter:label1\" content=\"Tiempo de lectura\" \/>\n\t<meta name=\"twitter:data1\" content=\"2 minutos\" \/>\n<script type=\"application\/ld+json\" class=\"yoast-schema-graph\">{\"@context\":\"https:\\\/\\\/schema.org\",\"@graph\":[{\"@type\":\"WebPage\",\"@id\":\"https:\\\/\\\/jthappyhouse.com\\\/personal-data-protection\\\/\",\"url\":\"https:\\\/\\\/jthappyhouse.com\\\/personal-data-protection\\\/\",\"name\":\"Personal Data Protection\",\"isPartOf\":{\"@id\":\"https:\\\/\\\/jthappyhouse.com\\\/#website\"},\"datePublished\":\"2024-04-04T13:55:06+00:00\",\"dateModified\":\"2024-07-16T19:34:20+00:00\",\"breadcrumb\":{\"@id\":\"https:\\\/\\\/jthappyhouse.com\\\/personal-data-protection\\\/#breadcrumb\"},\"inLanguage\":\"es\",\"potentialAction\":[{\"@type\":\"ReadAction\",\"target\":[\"https:\\\/\\\/jthappyhouse.com\\\/personal-data-protection\\\/\"]}]},{\"@type\":\"BreadcrumbList\",\"@id\":\"https:\\\/\\\/jthappyhouse.com\\\/personal-data-protection\\\/#breadcrumb\",\"itemListElement\":[{\"@type\":\"ListItem\",\"position\":1,\"name\":\"Home\",\"item\":\"https:\\\/\\\/jthappyhouse.com\\\/\"},{\"@type\":\"ListItem\",\"position\":2,\"name\":\"Personal Data Protection\"}]},{\"@type\":\"WebSite\",\"@id\":\"https:\\\/\\\/jthappyhouse.com\\\/#website\",\"url\":\"https:\\\/\\\/jthappyhouse.com\\\/\",\"name\":\"JT Happy House\",\"description\":\"Empresa de apartamentos en Madrid y Espa&ntilde;a\",\"publisher\":{\"@id\":\"https:\\\/\\\/jthappyhouse.com\\\/#organization\"},\"alternateName\":\"JT Happy House\",\"potentialAction\":[{\"@type\":\"SearchAction\",\"target\":{\"@type\":\"EntryPoint\",\"urlTemplate\":\"https:\\\/\\\/jthappyhouse.com\\\/?s={search_term_string}\"},\"query-input\":{\"@type\":\"PropertyValueSpecification\",\"valueRequired\":true,\"valueName\":\"search_term_string\"}}],\"inLanguage\":\"es\"},{\"@type\":\"Organization\",\"@id\":\"https:\\\/\\\/jthappyhouse.com\\\/#organization\",\"name\":\"JT Happy House\",\"alternateName\":\"JT Happy House\",\"url\":\"https:\\\/\\\/jthappyhouse.com\\\/\",\"logo\":{\"@type\":\"ImageObject\",\"inLanguage\":\"es\",\"@id\":\"https:\\\/\\\/jthappyhouse.com\\\/#\\\/schema\\\/logo\\\/image\\\/\",\"url\":\"https:\\\/\\\/jthappyhouse.com\\\/wp-content\\\/uploads\\\/2025\\\/09\\\/Gemini_Generated_Image_o8p21wo8p21wo8p2.png\",\"contentUrl\":\"https:\\\/\\\/jthappyhouse.com\\\/wp-content\\\/uploads\\\/2025\\\/09\\\/Gemini_Generated_Image_o8p21wo8p21wo8p2.png\",\"width\":1024,\"height\":1024,\"caption\":\"JT Happy House\"},\"image\":{\"@id\":\"https:\\\/\\\/jthappyhouse.com\\\/#\\\/schema\\\/logo\\\/image\\\/\"}}]}<\/script>\n<!-- \/ Yoast SEO plugin. -->","yoast_head_json":{"title":"Pol\u00edtica de Privacidad","robots":{"index":"index","follow":"follow","max-snippet":"max-snippet:-1","max-image-preview":"max-image-preview:large","max-video-preview":"max-video-preview:-1"},"canonical":"https:\/\/jthappyhouse.com\/es\/personal-data-protection\/","og_locale":"es_ES","og_type":"article","og_title":"Personal Data Protection","og_description":"Personal Data Protection Happy House, represented by Teresa Marrod\u00e1n L\u00f3pez and Javier Madarieta Odiaga, in compliance with current regulations on [&hellip;]","og_url":"https:\/\/jthappyhouse.com\/es\/personal-data-protection\/","og_site_name":"JT Happy House","article_modified_time":"2024-07-16T19:34:20+00:00","twitter_card":"summary_large_image","twitter_misc":{"Tiempo de lectura":"2 minutos"},"schema":{"@context":"https:\/\/schema.org","@graph":[{"@type":"WebPage","@id":"https:\/\/jthappyhouse.com\/personal-data-protection\/","url":"https:\/\/jthappyhouse.com\/personal-data-protection\/","name":"Pol\u00edtica de Privacidad","isPartOf":{"@id":"https:\/\/jthappyhouse.com\/#website"},"datePublished":"2024-04-04T13:55:06+00:00","dateModified":"2024-07-16T19:34:20+00:00","breadcrumb":{"@id":"https:\/\/jthappyhouse.com\/personal-data-protection\/#breadcrumb"},"inLanguage":"es","potentialAction":[{"@type":"ReadAction","target":["https:\/\/jthappyhouse.com\/personal-data-protection\/"]}]},{"@type":"BreadcrumbList","@id":"https:\/\/jthappyhouse.com\/personal-data-protection\/#breadcrumb","itemListElement":[{"@type":"ListItem","position":1,"name":"Home","item":"https:\/\/jthappyhouse.com\/"},{"@type":"ListItem","position":2,"name":"Personal Data Protection"}]},{"@type":"WebSite","@id":"https:\/\/jthappyhouse.com\/#website","url":"https:\/\/jthappyhouse.com\/","name":"JT Happy House","description":"Empresa de apartamentos en Madrid y Espa&ntilde;a","publisher":{"@id":"https:\/\/jthappyhouse.com\/#organization"},"alternateName":"JT Happy House","potentialAction":[{"@type":"SearchAction","target":{"@type":"EntryPoint","urlTemplate":"https:\/\/jthappyhouse.com\/?s={search_term_string}"},"query-input":{"@type":"PropertyValueSpecification","valueRequired":true,"valueName":"search_term_string"}}],"inLanguage":"es"},{"@type":"Organization","@id":"https:\/\/jthappyhouse.com\/#organization","name":"JT Happy House","alternateName":"JT Happy House","url":"https:\/\/jthappyhouse.com\/","logo":{"@type":"ImageObject","inLanguage":"es","@id":"https:\/\/jthappyhouse.com\/#\/schema\/logo\/image\/","url":"https:\/\/jthappyhouse.com\/wp-content\/uploads\/2025\/09\/Gemini_Generated_Image_o8p21wo8p21wo8p2.png","contentUrl":"https:\/\/jthappyhouse.com\/wp-content\/uploads\/2025\/09\/Gemini_Generated_Image_o8p21wo8p21wo8p2.png","width":1024,"height":1024,"caption":"JT Happy House"},"image":{"@id":"https:\/\/jthappyhouse.com\/#\/schema\/logo\/image\/"}}]}},"uagb_featured_image_src":{"full":false,"thumbnail":false,"medium":false,"medium_large":false,"large":false,"1536x1536":false,"2048x2048":false,"trp-custom-language-flag":false},"uagb_author_info":{"display_name":"admin","author_link":"https:\/\/jthappyhouse.com\/es\/author\/admin\/"},"uagb_comment_info":0,"uagb_excerpt":"Personal Data Protection Happy House, represented by Teresa Marrod\u00e1n L\u00f3pez and Javier Madarieta Odiaga, in compliance with current regulations on [&hellip;]","_links":{"self":[{"href":"https:\/\/jthappyhouse.com\/es\/wp-json\/wp\/v2\/pages\/387","targetHints":{"allow":["GET"]}}],"collection":[{"href":"https:\/\/jthappyhouse.com\/es\/wp-json\/wp\/v2\/pages"}],"about":[{"href":"https:\/\/jthappyhouse.com\/es\/wp-json\/wp\/v2\/types\/page"}],"author":[{"embeddable":true,"href":"https:\/\/jthappyhouse.com\/es\/wp-json\/wp\/v2\/users\/1"}],"replies":[{"embeddable":true,"href":"https:\/\/jthappyhouse.com\/es\/wp-json\/wp\/v2\/comments?post=387"}],"version-history":[{"count":8,"href":"https:\/\/jthappyhouse.com\/es\/wp-json\/wp\/v2\/pages\/387\/revisions"}],"predecessor-version":[{"id":1453,"href":"https:\/\/jthappyhouse.com\/es\/wp-json\/wp\/v2\/pages\/387\/revisions\/1453"}],"wp:attachment":[{"href":"https:\/\/jthappyhouse.com\/es\/wp-json\/wp\/v2\/media?parent=387"}],"curies":[{"name":"wp","href":"https:\/\/api.w.org\/{rel}","templated":true}]}}