{"id":381,"date":"2024-04-04T15:53:01","date_gmt":"2024-04-04T13:53:01","guid":{"rendered":"https:\/\/jthappyhouse.com\/?page_id=381"},"modified":"2024-07-17T17:39:21","modified_gmt":"2024-07-17T15:39:21","slug":"services","status":"publish","type":"page","link":"https:\/\/jthappyhouse.com\/es\/services\/","title":{"rendered":"Nuestros Servicios"},"content":{"rendered":"<div class=\"wp-block-uagb-container uagb-block-144399e6 alignfull uagb-is-root-container\"><div class=\"uagb-container-inner-blocks-wrap\">\n<div class=\"wp-block-uagb-advanced-heading uagb-block-fa571e9d\"><h2 class=\"uagb-heading-text\"><strong>Nuestros Servicios<\/strong><\/h2><\/div>\n<\/div><\/div>\n\n\n\n<div class=\"wp-block-uagb-container uagb-block-43fa7785 alignfull uagb-is-root-container\"><div class=\"uagb-container-inner-blocks-wrap\">\n<div class=\"wp-block-uagb-container uagb-block-c825f609\">\n<h5 class=\"wp-block-heading alignfull has-text-align-center\">Nuestros pisos amueblados est\u00e1n equipados con todas las comodidades necesarias para que te sientas como en casa desde el primer momento. En nuestro servicio de alquiler de casas temporales, nos especializamos en ofrecer una experiencia \u00fanica y personalizada para empresas y particulares que buscan un hogar temporal <strong>\u00bfNecesitas un espacio que se adapte a tus necesidades espec\u00edficas? <\/strong>\u00a1Nosotros nos encargamos!<\/h5>\n<\/div>\n\n\n\n<div class=\"wp-block-uagb-container uagb-block-5eeef25d\">\n<h5 class=\"wp-block-heading alignfull has-text-align-center\">Desde pisos corporativos hasta alojamiento para empleados temporales, estamos aqu\u00ed para ayudarte a encontrar el lugar perfecto. Adem\u00e1s, ofrecemos <strong>servicios adicionales como la personalizaci\u00f3n de las casas seg\u00fan tus preferencias <\/strong>y la gesti\u00f3n de tr\u00e1mites para que tu estancia sea lo m\u00e1s sencilla posible. \u00a1D\u00e9janos cuidar de todos los detalles mientras t\u00fa disfrutas de tu hogar temporal en nuestra ciudad!<\/h5>\n<\/div>\n<\/div><\/div>\n\n\n\n<div class=\"wp-block-buttons is-content-justification-center is-layout-flex wp-container-core-buttons-is-layout-7d4a78e0 wp-block-buttons-is-layout-flex\" style=\"margin-top:var(--wp--preset--spacing--70);margin-bottom:var(--wp--preset--spacing--50)\">\n<div class=\"wp-block-button\"><a class=\"wp-block-button__link wp-element-button\" href=\"https:\/\/jthappyhouse.com\/es\/contact\/\">Contacto<\/a><\/div>\n<\/div>\n\n\n\n<div class=\"wp-block-uagb-container uagb-block-a346e6c5 alignfull uagb-is-root-container\"><div class=\"uagb-container-inner-blocks-wrap\"><\/div><\/div>","protected":false},"excerpt":{"rendered":"<p>Services Our furnished apartments are equipped with all the necessary amenities to make you feel at home from the very [&hellip;]<\/p>\n","protected":false},"author":1,"featured_media":0,"parent":0,"menu_order":0,"comment_status":"closed","ping_status":"closed","template":"","meta":{"_uag_custom_page_level_css":"","site-sidebar-layout":"default","site-content-layout":"","ast-site-content-layout":"default","site-content-style":"default","site-sidebar-style":"default","ast-global-header-display":"","ast-banner-title-visibility":"","ast-main-header-display":"","ast-hfb-above-header-display":"","ast-hfb-below-header-display":"","ast-hfb-mobile-header-display":"","site-post-title":"disabled","ast-breadcrumbs-content":"","ast-featured-img":"","footer-sml-layout":"","ast-disable-related-posts":"","theme-transparent-header-meta":"","adv-header-id-meta":"","stick-header-meta":"","header-above-stick-meta":"","header-main-stick-meta":"","header-below-stick-meta":"","astra-migrate-meta-layouts":"default","ast-page-background-enabled":"default","ast-page-background-meta":{"desktop":{"background-color":"var(--ast-global-color-4)","background-image":"","background-repeat":"repeat","background-position":"center center","background-size":"auto","background-attachment":"scroll","background-type":"","background-media":"","overlay-type":"","overlay-color":"","overlay-opacity":"","overlay-gradient":""},"tablet":{"background-color":"","background-image":"","background-repeat":"repeat","background-position":"center center","background-size":"auto","background-attachment":"scroll","background-type":"","background-media":"","overlay-type":"","overlay-color":"","overlay-opacity":"","overlay-gradient":""},"mobile":{"background-color":"","background-image":"","background-repeat":"repeat","background-position":"center center","background-size":"auto","background-attachment":"scroll","background-type":"","background-media":"","overlay-type":"","overlay-color":"","overlay-opacity":"","overlay-gradient":""}},"ast-content-background-meta":{"desktop":{"background-color":"var(--ast-global-color-5)","background-image":"","background-repeat":"repeat","background-position":"center center","background-size":"auto","background-attachment":"scroll","background-type":"","background-media":"","overlay-type":"","overlay-color":"","overlay-opacity":"","overlay-gradient":""},"tablet":{"background-color":"var(--ast-global-color-5)","background-image":"","background-repeat":"repeat","background-position":"center center","background-size":"auto","background-attachment":"scroll","background-type":"","background-media":"","overlay-type":"","overlay-color":"","overlay-opacity":"","overlay-gradient":""},"mobile":{"background-color":"var(--ast-global-color-5)","background-image":"","background-repeat":"repeat","background-position":"center center","background-size":"auto","background-attachment":"scroll","background-type":"","background-media":"","overlay-type":"","overlay-color":"","overlay-opacity":"","overlay-gradient":""}},"_themeisle_gutenberg_block_has_review":false,"footnotes":""},"class_list":["post-381","page","type-page","status-publish","hentry"],"yoast_head":"<!-- This site is optimized with the Yoast SEO plugin v27.5 - https:\/\/yoast.com\/product\/yoast-seo-wordpress\/ -->\n<title>Services<\/title>\n<meta name=\"robots\" content=\"index, follow, max-snippet:-1, max-image-preview:large, max-video-preview:-1\" \/>\n<link rel=\"canonical\" href=\"https:\/\/jthappyhouse.com\/es\/services\/\" \/>\n<meta property=\"og:locale\" content=\"es_ES\" \/>\n<meta property=\"og:type\" content=\"article\" \/>\n<meta property=\"og:title\" content=\"Services\" \/>\n<meta property=\"og:description\" content=\"Services Our furnished apartments are equipped with all the necessary amenities to make you feel at home from the very [&hellip;]\" \/>\n<meta property=\"og:url\" content=\"https:\/\/jthappyhouse.com\/es\/services\/\" \/>\n<meta property=\"og:site_name\" content=\"JT Happy House\" \/>\n<meta property=\"article:modified_time\" content=\"2024-07-17T15:39:21+00:00\" \/>\n<meta name=\"twitter:card\" content=\"summary_large_image\" \/>\n<meta name=\"twitter:label1\" content=\"Tiempo de lectura\" \/>\n\t<meta name=\"twitter:data1\" content=\"1 minuto\" \/>\n<script type=\"application\/ld+json\" class=\"yoast-schema-graph\">{\"@context\":\"https:\\\/\\\/schema.org\",\"@graph\":[{\"@type\":\"WebPage\",\"@id\":\"https:\\\/\\\/jthappyhouse.com\\\/services\\\/\",\"url\":\"https:\\\/\\\/jthappyhouse.com\\\/services\\\/\",\"name\":\"Services\",\"isPartOf\":{\"@id\":\"https:\\\/\\\/jthappyhouse.com\\\/#website\"},\"datePublished\":\"2024-04-04T13:53:01+00:00\",\"dateModified\":\"2024-07-17T15:39:21+00:00\",\"breadcrumb\":{\"@id\":\"https:\\\/\\\/jthappyhouse.com\\\/services\\\/#breadcrumb\"},\"inLanguage\":\"es\",\"potentialAction\":[{\"@type\":\"ReadAction\",\"target\":[\"https:\\\/\\\/jthappyhouse.com\\\/services\\\/\"]}]},{\"@type\":\"BreadcrumbList\",\"@id\":\"https:\\\/\\\/jthappyhouse.com\\\/services\\\/#breadcrumb\",\"itemListElement\":[{\"@type\":\"ListItem\",\"position\":1,\"name\":\"Home\",\"item\":\"https:\\\/\\\/jthappyhouse.com\\\/\"},{\"@type\":\"ListItem\",\"position\":2,\"name\":\"Services\"}]},{\"@type\":\"WebSite\",\"@id\":\"https:\\\/\\\/jthappyhouse.com\\\/#website\",\"url\":\"https:\\\/\\\/jthappyhouse.com\\\/\",\"name\":\"JT Happy House\",\"description\":\"Empresa de apartamentos en Madrid y Espa&ntilde;a\",\"publisher\":{\"@id\":\"https:\\\/\\\/jthappyhouse.com\\\/#organization\"},\"alternateName\":\"JT Happy House\",\"potentialAction\":[{\"@type\":\"SearchAction\",\"target\":{\"@type\":\"EntryPoint\",\"urlTemplate\":\"https:\\\/\\\/jthappyhouse.com\\\/?s={search_term_string}\"},\"query-input\":{\"@type\":\"PropertyValueSpecification\",\"valueRequired\":true,\"valueName\":\"search_term_string\"}}],\"inLanguage\":\"es\"},{\"@type\":\"Organization\",\"@id\":\"https:\\\/\\\/jthappyhouse.com\\\/#organization\",\"name\":\"JT Happy House\",\"alternateName\":\"JT Happy House\",\"url\":\"https:\\\/\\\/jthappyhouse.com\\\/\",\"logo\":{\"@type\":\"ImageObject\",\"inLanguage\":\"es\",\"@id\":\"https:\\\/\\\/jthappyhouse.com\\\/#\\\/schema\\\/logo\\\/image\\\/\",\"url\":\"https:\\\/\\\/jthappyhouse.com\\\/wp-content\\\/uploads\\\/2025\\\/09\\\/Gemini_Generated_Image_o8p21wo8p21wo8p2.png\",\"contentUrl\":\"https:\\\/\\\/jthappyhouse.com\\\/wp-content\\\/uploads\\\/2025\\\/09\\\/Gemini_Generated_Image_o8p21wo8p21wo8p2.png\",\"width\":1024,\"height\":1024,\"caption\":\"JT Happy House\"},\"image\":{\"@id\":\"https:\\\/\\\/jthappyhouse.com\\\/#\\\/schema\\\/logo\\\/image\\\/\"}}]}<\/script>\n<!-- \/ Yoast SEO plugin. -->","yoast_head_json":{"title":"Nuestros Servicios","robots":{"index":"index","follow":"follow","max-snippet":"max-snippet:-1","max-image-preview":"max-image-preview:large","max-video-preview":"max-video-preview:-1"},"canonical":"https:\/\/jthappyhouse.com\/es\/services\/","og_locale":"es_ES","og_type":"article","og_title":"Services","og_description":"Services Our furnished apartments are equipped with all the necessary amenities to make you feel at home from the very [&hellip;]","og_url":"https:\/\/jthappyhouse.com\/es\/services\/","og_site_name":"JT Happy House","article_modified_time":"2024-07-17T15:39:21+00:00","twitter_card":"summary_large_image","twitter_misc":{"Tiempo de lectura":"1 minuto"},"schema":{"@context":"https:\/\/schema.org","@graph":[{"@type":"WebPage","@id":"https:\/\/jthappyhouse.com\/services\/","url":"https:\/\/jthappyhouse.com\/services\/","name":"Nuestros Servicios","isPartOf":{"@id":"https:\/\/jthappyhouse.com\/#website"},"datePublished":"2024-04-04T13:53:01+00:00","dateModified":"2024-07-17T15:39:21+00:00","breadcrumb":{"@id":"https:\/\/jthappyhouse.com\/services\/#breadcrumb"},"inLanguage":"es","potentialAction":[{"@type":"ReadAction","target":["https:\/\/jthappyhouse.com\/services\/"]}]},{"@type":"BreadcrumbList","@id":"https:\/\/jthappyhouse.com\/services\/#breadcrumb","itemListElement":[{"@type":"ListItem","position":1,"name":"Home","item":"https:\/\/jthappyhouse.com\/"},{"@type":"ListItem","position":2,"name":"Services"}]},{"@type":"WebSite","@id":"https:\/\/jthappyhouse.com\/#website","url":"https:\/\/jthappyhouse.com\/","name":"JT Happy House","description":"Empresa de apartamentos en Madrid y Espa&ntilde;a","publisher":{"@id":"https:\/\/jthappyhouse.com\/#organization"},"alternateName":"JT Happy House","potentialAction":[{"@type":"SearchAction","target":{"@type":"EntryPoint","urlTemplate":"https:\/\/jthappyhouse.com\/?s={search_term_string}"},"query-input":{"@type":"PropertyValueSpecification","valueRequired":true,"valueName":"search_term_string"}}],"inLanguage":"es"},{"@type":"Organization","@id":"https:\/\/jthappyhouse.com\/#organization","name":"JT Happy House","alternateName":"JT Happy House","url":"https:\/\/jthappyhouse.com\/","logo":{"@type":"ImageObject","inLanguage":"es","@id":"https:\/\/jthappyhouse.com\/#\/schema\/logo\/image\/","url":"https:\/\/jthappyhouse.com\/wp-content\/uploads\/2025\/09\/Gemini_Generated_Image_o8p21wo8p21wo8p2.png","contentUrl":"https:\/\/jthappyhouse.com\/wp-content\/uploads\/2025\/09\/Gemini_Generated_Image_o8p21wo8p21wo8p2.png","width":1024,"height":1024,"caption":"JT Happy House"},"image":{"@id":"https:\/\/jthappyhouse.com\/#\/schema\/logo\/image\/"}}]}},"uagb_featured_image_src":{"full":false,"thumbnail":false,"medium":false,"medium_large":false,"large":false,"1536x1536":false,"2048x2048":false,"trp-custom-language-flag":false},"uagb_author_info":{"display_name":"admin","author_link":"https:\/\/jthappyhouse.com\/es\/author\/admin\/"},"uagb_comment_info":0,"uagb_excerpt":"Services Our furnished apartments are equipped with all the necessary amenities to make you feel at home from the very [&hellip;]","_links":{"self":[{"href":"https:\/\/jthappyhouse.com\/es\/wp-json\/wp\/v2\/pages\/381","targetHints":{"allow":["GET"]}}],"collection":[{"href":"https:\/\/jthappyhouse.com\/es\/wp-json\/wp\/v2\/pages"}],"about":[{"href":"https:\/\/jthappyhouse.com\/es\/wp-json\/wp\/v2\/types\/page"}],"author":[{"embeddable":true,"href":"https:\/\/jthappyhouse.com\/es\/wp-json\/wp\/v2\/users\/1"}],"replies":[{"embeddable":true,"href":"https:\/\/jthappyhouse.com\/es\/wp-json\/wp\/v2\/comments?post=381"}],"version-history":[{"count":116,"href":"https:\/\/jthappyhouse.com\/es\/wp-json\/wp\/v2\/pages\/381\/revisions"}],"predecessor-version":[{"id":1474,"href":"https:\/\/jthappyhouse.com\/es\/wp-json\/wp\/v2\/pages\/381\/revisions\/1474"}],"wp:attachment":[{"href":"https:\/\/jthappyhouse.com\/es\/wp-json\/wp\/v2\/media?parent=381"}],"curies":[{"name":"wp","href":"https:\/\/api.w.org\/{rel}","templated":true}]}}