{"id":378,"date":"2024-04-04T15:49:35","date_gmt":"2024-04-04T13:49:35","guid":{"rendered":"https:\/\/jthappyhouse.com\/?page_id=378"},"modified":"2025-09-26T20:01:39","modified_gmt":"2025-09-26T18:01:39","slug":"home","status":"publish","type":"page","link":"https:\/\/jthappyhouse.com\/es\/","title":{"rendered":"Home"},"content":{"rendered":"<main class=\"wp-block-uagb-container uagb-block-e81918d0 alignfull uagb-is-root-container\"><div class=\"uagb-container-inner-blocks-wrap\">\n<h1 class=\"wp-block-heading has-text-align-center\"><strong>Si\u00e9ntete como en casa<\/strong><\/h1>\n\n\n\n<h4 class=\"wp-block-heading has-text-align-center has-ast-global-color-1-color has-text-color has-link-color wp-elements-001c7a7e8a5d30d82dd5d80d2afe2503\">Queremos que te sientas como en casa, por eso creamos hogares pensando en ti y en tus necesidades, con todo lo necesario para disfrutar de una experiencia c\u00e1lida y sin preocupaciones<\/h4>\n\n\n\n<div class=\"wp-block-buttons is-content-justification-center is-layout-flex wp-container-core-buttons-is-layout-a89b3969 wp-block-buttons-is-layout-flex\">\n<div class=\"wp-block-button\"><a class=\"wp-block-button__link has-ast-global-color-3-color has-text-color has-link-color wp-element-button\" href=\"https:\/\/jthappyhouse.com\/es\/contact\/\">Contacto<\/a><\/div>\n<\/div>\n<\/div><\/main>\n\n\n\n<div class=\"wp-block-uagb-container uagb-block-5b6123a5 alignfull uagb-is-root-container\"><div class=\"uagb-container-inner-blocks-wrap\">\n<div class=\"wp-block-uagb-container uagb-block-f9b0f45b\">\n<h2 class=\"wp-block-heading has-text-align-center\"><strong>\"Nuestros clientes son hu\u00e9spedes para nosotros\"<\/strong><\/h2>\n<\/div>\n\n\n\n<h4 class=\"wp-block-heading has-text-align-left\">Nuestro objetivo es cuidar de cada detalle para que tu estancia sea confortable. Desde el momento de tu reserva hasta tu partida, estaremos atentos a tus necesidades para que te sientas como en casa. Disfruta de la comodidad y privacidad de un apartamento totalmente equipado<\/h4>\n<\/div><\/div>\n\n\n\n<div class=\"wp-block-uagb-container uagb-block-26db5a24 alignfull uagb-is-root-container\"><div class=\"uagb-container-inner-blocks-wrap\">\n<div class=\"wp-block-media-text is-stacked-on-mobile\" style=\"grid-template-columns:45% auto\"><figure class=\"wp-block-media-text__media\"><img loading=\"lazy\" decoding=\"async\" width=\"1280\" height=\"720\" src=\"https:\/\/jthappyhouse.com\/wp-content\/uploads\/2024\/04\/\u00a9-Stock-Snap-Pixabay-2.jpg\" alt=\"\" class=\"wp-image-506 size-full\" srcset=\"https:\/\/jthappyhouse.com\/wp-content\/uploads\/2024\/04\/\u00a9-Stock-Snap-Pixabay-2.jpg 1280w, https:\/\/jthappyhouse.com\/wp-content\/uploads\/2024\/04\/\u00a9-Stock-Snap-Pixabay-2-300x169.jpg 300w, https:\/\/jthappyhouse.com\/wp-content\/uploads\/2024\/04\/\u00a9-Stock-Snap-Pixabay-2-768x432.jpg 768w\" sizes=\"auto, (max-width: 1280px) 100vw, 1280px\" \/><\/figure><div class=\"wp-block-media-text__content\">\n<h4 class=\"wp-block-heading\">Podemos ofrecerte un hogar temporal sea cual sea tu perfil:<\/h4>\n\n\n\n<div class=\"wp-block-uagb-icon-list uagb-block-aea841ec ticss-aea841ec\"><div class=\"uagb-icon-list__wrap\">\n<div class=\"wp-block-uagb-icon-list-child uagb-block-0042a988\"><span class=\"uagb-icon-list__source-wrap\"><svg xmlns=\"https:\/\/www.w3.org\/2000\/svg\" viewbox=\"0 0 512 512\"><path d=\"M256 0C114.6 0 0 114.6 0 256c0 141.4 114.6 256 256 256s256-114.6 256-256C512 114.6 397.4 0 256 0zM406.6 278.6l-103.1 103.1c-12.5 12.5-32.75 12.5-45.25 0s-12.5-32.75 0-45.25L306.8 288H128C110.3 288 96 273.7 96 256s14.31-32 32-32h178.8l-49.38-49.38c-12.5-12.5-12.5-32.75 0-45.25s32.75-12.5 45.25 0l103.1 103.1C414.6 241.3 416 251.1 416 256C416 260.9 414.6 270.7 406.6 278.6z\"><\/path><\/svg><\/span><span class=\"uagb-icon-list__label\">Empresas que necesitan alojar a sus trabajadores<\/span><\/div>\n\n\n\n<div class=\"wp-block-uagb-icon-list-child uagb-block-af974a77\"><span class=\"uagb-icon-list__source-wrap\"><svg xmlns=\"https:\/\/www.w3.org\/2000\/svg\" viewbox=\"0 0 512 512\"><path d=\"M256 0C114.6 0 0 114.6 0 256c0 141.4 114.6 256 256 256s256-114.6 256-256C512 114.6 397.4 0 256 0zM406.6 278.6l-103.1 103.1c-12.5 12.5-32.75 12.5-45.25 0s-12.5-32.75 0-45.25L306.8 288H128C110.3 288 96 273.7 96 256s14.31-32 32-32h178.8l-49.38-49.38c-12.5-12.5-12.5-32.75 0-45.25s32.75-12.5 45.25 0l103.1 103.1C414.6 241.3 416 251.1 416 256C416 260.9 414.6 270.7 406.6 278.6z\"><\/path><\/svg><\/span><span class=\"uagb-icon-list__label\">Particulares que viajan por negocios<\/span><\/div>\n<\/div><\/div>\n<\/div><\/div>\n<\/div><\/div>\n\n\n\n<div class=\"wp-block-uagb-container ticss-b7adebdb uagb-block-c865421c alignwide uagb-is-root-container\">\n<div class=\"wp-block-uagb-advanced-heading uagb-block-d37d3238\"><h2 class=\"uagb-heading-text\"><strong>Nuestros hogares se adaptan a ti<\/strong><\/h2><\/div>\n\n\n\n<div class=\"wp-block-uagb-container ticss-8af47490 uagb-block-0ae5bd31\">\n<div class=\"wp-block-uagb-container uagb-block-e44089d4\">\n<div class=\"wp-block-uagb-advanced-heading uagb-block-1eef5e50\"><h4 class=\"uagb-heading-text\"><strong>Enf\u00f3cate en tu proyecto<\/strong><\/h4><\/div>\n\n\n\n<p class=\"has-text-align-center has-ast-global-color-1-color has-text-color has-link-color wp-elements-b7d533341afc6267378a34717c98340d\">Te ayudaremos a ubicar a tus empleados y nos aseguraremos de que cuentan con lo necesario para enfocarse en su proyecto<\/p>\n<\/div>\n\n\n\n<div class=\"wp-block-uagb-container uagb-block-6643594f\">\n<div class=\"wp-block-uagb-advanced-heading uagb-block-5dfc76fe\"><h4 class=\"uagb-heading-text\"><strong>Atenci\u00f3n personalizada<\/strong><\/h4><\/div>\n\n\n\n<p class=\"has-text-align-center has-ast-global-color-1-color has-text-color has-link-color wp-elements-c238dd14477a7b7c5ee1eeeade8ade47\">Cuenta con nosotros para que en tu estancia tengas todo lo necesario, simplemente cont\u00e1ctanos y nosotros te asesoraremos<\/p>\n<\/div>\n\n\n\n<div class=\"wp-block-uagb-container uagb-block-53c86b87\">\n<div class=\"wp-block-uagb-advanced-heading uagb-block-c315ae38\"><h4 class=\"uagb-heading-text\"><strong>Ahorra tiempo y esfuerzo<\/strong><\/h4><\/div>\n\n\n\n<p class=\"has-text-align-center has-ast-global-color-1-color has-text-color has-link-color wp-elements-f63c12f0b493d0326eaf6d74e39d2bb0\">Trabajar con nosotros le permitir\u00e1 conseguir alojamiento para usted o sus empleados m\u00e1s f\u00e1cilmente y sin preocupaciones<\/p>\n<\/div>\n<\/div>\n<\/div>","protected":false},"excerpt":{"rendered":"<p>Make yourself at home We want you to feel at home, which is why we create living spaces with you [&hellip;]<\/p>\n","protected":false},"author":1,"featured_media":1300,"parent":0,"menu_order":0,"comment_status":"closed","ping_status":"closed","template":"","meta":{"_uag_custom_page_level_css":"","site-sidebar-layout":"default","site-content-layout":"","ast-site-content-layout":"default","site-content-style":"default","site-sidebar-style":"default","ast-global-header-display":"","ast-banner-title-visibility":"","ast-main-header-display":"","ast-hfb-above-header-display":"","ast-hfb-below-header-display":"","ast-hfb-mobile-header-display":"","site-post-title":"","ast-breadcrumbs-content":"","ast-featured-img":"","footer-sml-layout":"","ast-disable-related-posts":"","theme-transparent-header-meta":"","adv-header-id-meta":"","stick-header-meta":"","header-above-stick-meta":"","header-main-stick-meta":"","header-below-stick-meta":"","astra-migrate-meta-layouts":"default","ast-page-background-enabled":"default","ast-page-background-meta":{"desktop":{"background-color":"var(--ast-global-color-4)","background-image":"","background-repeat":"repeat","background-position":"center center","background-size":"auto","background-attachment":"scroll","background-type":"","background-media":"","overlay-type":"","overlay-color":"","overlay-opacity":"","overlay-gradient":""},"tablet":{"background-color":"","background-image":"","background-repeat":"repeat","background-position":"center center","background-size":"auto","background-attachment":"scroll","background-type":"","background-media":"","overlay-type":"","overlay-color":"","overlay-opacity":"","overlay-gradient":""},"mobile":{"background-color":"","background-image":"","background-repeat":"repeat","background-position":"center center","background-size":"auto","background-attachment":"scroll","background-type":"","background-media":"","overlay-type":"","overlay-color":"","overlay-opacity":"","overlay-gradient":""}},"ast-content-background-meta":{"desktop":{"background-color":"var(--ast-global-color-5)","background-image":"","background-repeat":"repeat","background-position":"center center","background-size":"auto","background-attachment":"scroll","background-type":"","background-media":"","overlay-type":"","overlay-color":"","overlay-opacity":"","overlay-gradient":""},"tablet":{"background-color":"var(--ast-global-color-5)","background-image":"","background-repeat":"repeat","background-position":"center center","background-size":"auto","background-attachment":"scroll","background-type":"","background-media":"","overlay-type":"","overlay-color":"","overlay-opacity":"","overlay-gradient":""},"mobile":{"background-color":"var(--ast-global-color-5)","background-image":"","background-repeat":"repeat","background-position":"center center","background-size":"auto","background-attachment":"scroll","background-type":"","background-media":"","overlay-type":"","overlay-color":"","overlay-opacity":"","overlay-gradient":""}},"_themeisle_gutenberg_block_has_review":false,"footnotes":""},"class_list":["post-378","page","type-page","status-publish","has-post-thumbnail","hentry"],"yoast_head":"<!-- This site is optimized with the Yoast SEO plugin v27.5 - https:\/\/yoast.com\/product\/yoast-seo-wordpress\/ -->\n<title>JT Happy House - Your Temporary Home Experts<\/title>\n<meta name=\"description\" content=\"Rent furnished temporary apartments for businesses and individuals. Fully equipped homes with all amenities. Your perfect temporary home!\" \/>\n<meta name=\"robots\" content=\"index, follow, max-snippet:-1, max-image-preview:large, max-video-preview:-1\" \/>\n<link rel=\"canonical\" href=\"https:\/\/jthappyhouse.com\/es\/\" \/>\n<meta property=\"og:locale\" content=\"es_ES\" \/>\n<meta property=\"og:type\" content=\"article\" \/>\n<meta property=\"og:title\" content=\"JT Happy House - Your Temporary Home Experts\" \/>\n<meta property=\"og:description\" content=\"Rent furnished temporary apartments for businesses and individuals. Fully equipped homes with all amenities. Your perfect temporary home!\" \/>\n<meta property=\"og:url\" content=\"https:\/\/jthappyhouse.com\/es\/\" \/>\n<meta property=\"og:site_name\" content=\"JT Happy House\" \/>\n<meta property=\"article:modified_time\" content=\"2025-09-26T18:01:39+00:00\" \/>\n<meta property=\"og:image\" content=\"https:\/\/jthappyhouse.com\/wp-content\/uploads\/2025\/09\/Gemini_Generated_Image_o8p21wo8p21wo8p2.png\" \/>\n\t<meta property=\"og:image:width\" content=\"1024\" \/>\n\t<meta property=\"og:image:height\" content=\"1024\" \/>\n\t<meta property=\"og:image:type\" content=\"image\/png\" \/>\n<meta name=\"twitter:card\" content=\"summary_large_image\" \/>\n<meta name=\"twitter:label1\" content=\"Tiempo de lectura\" \/>\n\t<meta name=\"twitter:data1\" content=\"2 minutos\" \/>\n<script type=\"application\/ld+json\" class=\"yoast-schema-graph\">{\"@context\":\"https:\\\/\\\/schema.org\",\"@graph\":[{\"@type\":\"WebPage\",\"@id\":\"https:\\\/\\\/jthappyhouse.com\\\/\",\"url\":\"https:\\\/\\\/jthappyhouse.com\\\/\",\"name\":\"JT Happy House - Your Temporary Home Experts\",\"isPartOf\":{\"@id\":\"https:\\\/\\\/jthappyhouse.com\\\/#website\"},\"primaryImageOfPage\":{\"@id\":\"https:\\\/\\\/jthappyhouse.com\\\/#primaryimage\"},\"image\":{\"@id\":\"https:\\\/\\\/jthappyhouse.com\\\/#primaryimage\"},\"thumbnailUrl\":\"https:\\\/\\\/jthappyhouse.com\\\/wp-content\\\/uploads\\\/2024\\\/06\\\/Logo-Happy-House-sin-fondo-1.png\",\"datePublished\":\"2024-04-04T13:49:35+00:00\",\"dateModified\":\"2025-09-26T18:01:39+00:00\",\"description\":\"Rent furnished temporary apartments for businesses and individuals. Fully equipped homes with all amenities. Your perfect temporary home!\",\"breadcrumb\":{\"@id\":\"https:\\\/\\\/jthappyhouse.com\\\/#breadcrumb\"},\"inLanguage\":\"es\",\"potentialAction\":[{\"@type\":\"ReadAction\",\"target\":[\"https:\\\/\\\/jthappyhouse.com\\\/\"]}]},{\"@type\":\"ImageObject\",\"inLanguage\":\"es\",\"@id\":\"https:\\\/\\\/jthappyhouse.com\\\/#primaryimage\",\"url\":\"https:\\\/\\\/jthappyhouse.com\\\/wp-content\\\/uploads\\\/2024\\\/06\\\/Logo-Happy-House-sin-fondo-1.png\",\"contentUrl\":\"https:\\\/\\\/jthappyhouse.com\\\/wp-content\\\/uploads\\\/2024\\\/06\\\/Logo-Happy-House-sin-fondo-1.png\",\"width\":489,\"height\":488},{\"@type\":\"BreadcrumbList\",\"@id\":\"https:\\\/\\\/jthappyhouse.com\\\/#breadcrumb\",\"itemListElement\":[{\"@type\":\"ListItem\",\"position\":1,\"name\":\"Home\",\"item\":\"https:\\\/\\\/jthappyhouse.com\\\/\"},{\"@type\":\"ListItem\",\"position\":2,\"name\":\"Home\"}]},{\"@type\":\"WebSite\",\"@id\":\"https:\\\/\\\/jthappyhouse.com\\\/#website\",\"url\":\"https:\\\/\\\/jthappyhouse.com\\\/\",\"name\":\"JT Happy House\",\"description\":\"Empresa de apartamentos en Madrid y Espa&ntilde;a\",\"publisher\":{\"@id\":\"https:\\\/\\\/jthappyhouse.com\\\/#organization\"},\"alternateName\":\"JT Happy House\",\"potentialAction\":[{\"@type\":\"SearchAction\",\"target\":{\"@type\":\"EntryPoint\",\"urlTemplate\":\"https:\\\/\\\/jthappyhouse.com\\\/?s={search_term_string}\"},\"query-input\":{\"@type\":\"PropertyValueSpecification\",\"valueRequired\":true,\"valueName\":\"search_term_string\"}}],\"inLanguage\":\"es\"},{\"@type\":\"Organization\",\"@id\":\"https:\\\/\\\/jthappyhouse.com\\\/#organization\",\"name\":\"JT Happy House\",\"alternateName\":\"JT Happy House\",\"url\":\"https:\\\/\\\/jthappyhouse.com\\\/\",\"logo\":{\"@type\":\"ImageObject\",\"inLanguage\":\"es\",\"@id\":\"https:\\\/\\\/jthappyhouse.com\\\/#\\\/schema\\\/logo\\\/image\\\/\",\"url\":\"https:\\\/\\\/jthappyhouse.com\\\/wp-content\\\/uploads\\\/2025\\\/09\\\/Gemini_Generated_Image_o8p21wo8p21wo8p2.png\",\"contentUrl\":\"https:\\\/\\\/jthappyhouse.com\\\/wp-content\\\/uploads\\\/2025\\\/09\\\/Gemini_Generated_Image_o8p21wo8p21wo8p2.png\",\"width\":1024,\"height\":1024,\"caption\":\"JT Happy House\"},\"image\":{\"@id\":\"https:\\\/\\\/jthappyhouse.com\\\/#\\\/schema\\\/logo\\\/image\\\/\"}}]}<\/script>\n<!-- \/ Yoast SEO plugin. -->","yoast_head_json":{"title":"JT Happy House - Your Temporary Home Experts","description":"Rent furnished temporary apartments for businesses and individuals. Fully equipped homes with all amenities. Your perfect temporary home!","robots":{"index":"index","follow":"follow","max-snippet":"max-snippet:-1","max-image-preview":"max-image-preview:large","max-video-preview":"max-video-preview:-1"},"canonical":"https:\/\/jthappyhouse.com\/es\/","og_locale":"es_ES","og_type":"article","og_title":"JT Happy House - Your Temporary Home Experts","og_description":"Rent furnished temporary apartments for businesses and individuals. Fully equipped homes with all amenities. Your perfect temporary home!","og_url":"https:\/\/jthappyhouse.com\/es\/","og_site_name":"JT Happy House","article_modified_time":"2025-09-26T18:01:39+00:00","og_image":[{"width":1024,"height":1024,"url":"https:\/\/jthappyhouse.com\/wp-content\/uploads\/2025\/09\/Gemini_Generated_Image_o8p21wo8p21wo8p2.png","type":"image\/png"}],"twitter_card":"summary_large_image","twitter_misc":{"Tiempo de lectura":"2 minutos"},"schema":{"@context":"https:\/\/schema.org","@graph":[{"@type":"WebPage","@id":"https:\/\/jthappyhouse.com\/","url":"https:\/\/jthappyhouse.com\/","name":"JT Happy House - Your Temporary Home Experts","isPartOf":{"@id":"https:\/\/jthappyhouse.com\/#website"},"primaryImageOfPage":{"@id":"https:\/\/jthappyhouse.com\/#primaryimage"},"image":{"@id":"https:\/\/jthappyhouse.com\/#primaryimage"},"thumbnailUrl":"https:\/\/jthappyhouse.com\/wp-content\/uploads\/2024\/06\/Logo-Happy-House-sin-fondo-1.png","datePublished":"2024-04-04T13:49:35+00:00","dateModified":"2025-09-26T18:01:39+00:00","description":"Rent furnished temporary apartments for businesses and individuals. Fully equipped homes with all amenities. Your perfect temporary home!","breadcrumb":{"@id":"https:\/\/jthappyhouse.com\/#breadcrumb"},"inLanguage":"es","potentialAction":[{"@type":"ReadAction","target":["https:\/\/jthappyhouse.com\/"]}]},{"@type":"ImageObject","inLanguage":"es","@id":"https:\/\/jthappyhouse.com\/#primaryimage","url":"https:\/\/jthappyhouse.com\/wp-content\/uploads\/2024\/06\/Logo-Happy-House-sin-fondo-1.png","contentUrl":"https:\/\/jthappyhouse.com\/wp-content\/uploads\/2024\/06\/Logo-Happy-House-sin-fondo-1.png","width":489,"height":488},{"@type":"BreadcrumbList","@id":"https:\/\/jthappyhouse.com\/#breadcrumb","itemListElement":[{"@type":"ListItem","position":1,"name":"Home","item":"https:\/\/jthappyhouse.com\/"},{"@type":"ListItem","position":2,"name":"Home"}]},{"@type":"WebSite","@id":"https:\/\/jthappyhouse.com\/#website","url":"https:\/\/jthappyhouse.com\/","name":"JT Happy House","description":"Empresa de apartamentos en Madrid y Espa&ntilde;a","publisher":{"@id":"https:\/\/jthappyhouse.com\/#organization"},"alternateName":"JT Happy House","potentialAction":[{"@type":"SearchAction","target":{"@type":"EntryPoint","urlTemplate":"https:\/\/jthappyhouse.com\/?s={search_term_string}"},"query-input":{"@type":"PropertyValueSpecification","valueRequired":true,"valueName":"search_term_string"}}],"inLanguage":"es"},{"@type":"Organization","@id":"https:\/\/jthappyhouse.com\/#organization","name":"JT Happy House","alternateName":"JT Happy House","url":"https:\/\/jthappyhouse.com\/","logo":{"@type":"ImageObject","inLanguage":"es","@id":"https:\/\/jthappyhouse.com\/#\/schema\/logo\/image\/","url":"https:\/\/jthappyhouse.com\/wp-content\/uploads\/2025\/09\/Gemini_Generated_Image_o8p21wo8p21wo8p2.png","contentUrl":"https:\/\/jthappyhouse.com\/wp-content\/uploads\/2025\/09\/Gemini_Generated_Image_o8p21wo8p21wo8p2.png","width":1024,"height":1024,"caption":"JT Happy House"},"image":{"@id":"https:\/\/jthappyhouse.com\/#\/schema\/logo\/image\/"}}]}},"uagb_featured_image_src":{"full":["https:\/\/jthappyhouse.com\/wp-content\/uploads\/2024\/06\/Logo-Happy-House-sin-fondo-1.png",489,488,false],"thumbnail":["https:\/\/jthappyhouse.com\/wp-content\/uploads\/2024\/06\/Logo-Happy-House-sin-fondo-1-150x150.png",150,150,true],"medium":["https:\/\/jthappyhouse.com\/wp-content\/uploads\/2024\/06\/Logo-Happy-House-sin-fondo-1-300x300.png",300,300,true],"medium_large":["https:\/\/jthappyhouse.com\/wp-content\/uploads\/2024\/06\/Logo-Happy-House-sin-fondo-1.png",489,488,false],"large":["https:\/\/jthappyhouse.com\/wp-content\/uploads\/2024\/06\/Logo-Happy-House-sin-fondo-1.png",489,488,false],"1536x1536":["https:\/\/jthappyhouse.com\/wp-content\/uploads\/2024\/06\/Logo-Happy-House-sin-fondo-1.png",489,488,false],"2048x2048":["https:\/\/jthappyhouse.com\/wp-content\/uploads\/2024\/06\/Logo-Happy-House-sin-fondo-1.png",489,488,false],"trp-custom-language-flag":["https:\/\/jthappyhouse.com\/wp-content\/uploads\/2024\/06\/Logo-Happy-House-sin-fondo-1.png",12,12,false]},"uagb_author_info":{"display_name":"admin","author_link":"https:\/\/jthappyhouse.com\/es\/author\/admin\/"},"uagb_comment_info":0,"uagb_excerpt":"Make yourself at home We want you to feel at home, which is why we create living spaces with you [&hellip;]","_links":{"self":[{"href":"https:\/\/jthappyhouse.com\/es\/wp-json\/wp\/v2\/pages\/378","targetHints":{"allow":["GET"]}}],"collection":[{"href":"https:\/\/jthappyhouse.com\/es\/wp-json\/wp\/v2\/pages"}],"about":[{"href":"https:\/\/jthappyhouse.com\/es\/wp-json\/wp\/v2\/types\/page"}],"author":[{"embeddable":true,"href":"https:\/\/jthappyhouse.com\/es\/wp-json\/wp\/v2\/users\/1"}],"replies":[{"embeddable":true,"href":"https:\/\/jthappyhouse.com\/es\/wp-json\/wp\/v2\/comments?post=378"}],"version-history":[{"count":60,"href":"https:\/\/jthappyhouse.com\/es\/wp-json\/wp\/v2\/pages\/378\/revisions"}],"predecessor-version":[{"id":1477,"href":"https:\/\/jthappyhouse.com\/es\/wp-json\/wp\/v2\/pages\/378\/revisions\/1477"}],"wp:featuredmedia":[{"embeddable":true,"href":"https:\/\/jthappyhouse.com\/es\/wp-json\/wp\/v2\/media\/1300"}],"wp:attachment":[{"href":"https:\/\/jthappyhouse.com\/es\/wp-json\/wp\/v2\/media?parent=378"}],"curies":[{"name":"wp","href":"https:\/\/api.w.org\/{rel}","templated":true}]}}